{"id":5241,"date":"2025-11-05T10:00:28","date_gmt":"2025-11-05T15:00:28","guid":{"rendered":"https:\/\/wa-solutions.com\/contact-us\/"},"modified":"2025-12-10T10:14:01","modified_gmt":"2025-12-10T15:14:01","slug":"contact-us","status":"publish","type":"page","link":"https:\/\/wa-solutions.com\/en\/contact-us\/","title":{"rendered":"Contact us"},"content":{"rendered":"\t\t<div data-elementor-type=\"wp-page\" data-elementor-id=\"5241\" class=\"elementor elementor-5241 elementor-1503\" data-elementor-post-type=\"page\">\n\t\t\t\t<div class=\"elementor-element elementor-element-ff75554 e-con-full degraded-footer e-flex e-con e-parent\" data-id=\"ff75554\" data-element_type=\"container\" data-e-type=\"container\" data-settings=\"{&quot;background_background&quot;:&quot;classic&quot;}\">\n\t\t\t\t<div class=\"elementor-element elementor-element-a7b2cc9 elementor-widget elementor-widget-image\" data-id=\"a7b2cc9\" data-element_type=\"widget\" data-e-type=\"widget\" data-widget_type=\"image.default\">\n\t\t\t\t\t\t\t\t\t\t\t\t\t\t\t<img fetchpriority=\"high\" decoding=\"async\" width=\"1920\" height=\"800\" src=\"https:\/\/wa-solutions.com\/wp-content\/uploads\/2025\/10\/Banner-contacto.webp\" class=\"attachment-full size-full wp-image-5943\" alt=\"\" srcset=\"https:\/\/wa-solutions.com\/wp-content\/uploads\/2025\/10\/Banner-contacto.webp 1920w, https:\/\/wa-solutions.com\/wp-content\/uploads\/2025\/10\/Banner-contacto-300x125.webp 300w, https:\/\/wa-solutions.com\/wp-content\/uploads\/2025\/10\/Banner-contacto-1024x427.webp 1024w, https:\/\/wa-solutions.com\/wp-content\/uploads\/2025\/10\/Banner-contacto-768x320.webp 768w, https:\/\/wa-solutions.com\/wp-content\/uploads\/2025\/10\/Banner-contacto-1536x640.webp 1536w\" sizes=\"(max-width: 1920px) 100vw, 1920px\" \/>\t\t\t\t\t\t\t\t\t\t\t\t\t\t\t<\/div>\n\t\t<div class=\"elementor-element elementor-element-fcba8b4 e-con-full form_top_class animated-slow e-flex e-con e-child\" data-id=\"fcba8b4\" data-element_type=\"container\" data-e-type=\"container\" data-settings=\"{&quot;animation&quot;:&quot;none&quot;,&quot;position&quot;:&quot;absolute&quot;}\">\n\t\t\t\t<div class=\"elementor-element elementor-element-aa1131e elementor-widget-laptop__width-initial elementor-invisible elementor-widget elementor-widget-heading\" data-id=\"aa1131e\" data-element_type=\"widget\" data-e-type=\"widget\" data-settings=\"{&quot;_animation&quot;:&quot;fadeInDown&quot;,&quot;_animation_delay&quot;:400}\" data-widget_type=\"heading.default\">\n\t\t\t\t\t<h2 class=\"elementor-heading-title elementor-size-default\">Would you like to start a discovery without any obligation?<\/h2>\t\t\t\t<\/div>\n\t\t\t\t<div class=\"elementor-element elementor-element-bbb167d change_txt_mobile elementor-invisible elementor-widget elementor-widget-text-editor\" data-id=\"bbb167d\" data-element_type=\"widget\" data-e-type=\"widget\" data-settings=\"{&quot;_animation&quot;:&quot;fadeIn&quot;}\" data-widget_type=\"text-editor.default\">\n\t\t\t\t\t\t\t\t\t<p><span style=\"font-weight: 400;\">Leave us your information and we will contact you<\/span><\/p>\t\t\t\t\t\t\t\t<\/div>\n\t\t\t\t<div class=\"elementor-element elementor-element-12446e0 mc-form-contact elementor-widget elementor-widget-shortcode\" data-id=\"12446e0\" data-element_type=\"widget\" data-e-type=\"widget\" data-widget_type=\"shortcode.default\">\n\t\t\t\t\t\t\t<div class=\"elementor-shortcode\">\n<div class=\"wpcf7 no-js\" id=\"wpcf7-f4835-o1\" lang=\"en-US\" dir=\"ltr\" data-wpcf7-id=\"4835\">\n<div class=\"screen-reader-response\"><p role=\"status\" aria-live=\"polite\" aria-atomic=\"true\"><\/p> <ul><\/ul><\/div>\n<form action=\"\/en\/wp-json\/wp\/v2\/pages\/5241#wpcf7-f4835-o1\" method=\"post\" class=\"wpcf7-form init\" aria-label=\"Contact form\" novalidate=\"novalidate\" data-status=\"init\">\n<fieldset class=\"hidden-fields-container\"><input type=\"hidden\" name=\"_wpcf7\" value=\"4835\" \/><input type=\"hidden\" name=\"_wpcf7_version\" value=\"6.1.5\" \/><input type=\"hidden\" name=\"_wpcf7_locale\" value=\"en_US\" \/><input type=\"hidden\" name=\"_wpcf7_unit_tag\" value=\"wpcf7-f4835-o1\" \/><input type=\"hidden\" name=\"_wpcf7_container_post\" value=\"0\" \/><input type=\"hidden\" name=\"_wpcf7_posted_data_hash\" value=\"\" \/>\n<\/fieldset>\n<div class=\"con-col-2\">\n\t<div class=\"parent-form\">\n\t\t<p><label> <span class=\"hide-name\">First name *<\/span><br \/>\n<span class=\"wpcf7-form-control-wrap\" data-name=\"nombre\"><input size=\"40\" maxlength=\"400\" class=\"wpcf7-form-control wpcf7-text wpcf7-validates-as-required\" autocomplete=\"name\" aria-required=\"true\" aria-invalid=\"false\" placeholder=\"Enter your first name\" value=\"\" type=\"text\" name=\"nombre\" \/><\/span><br \/>\n<\/label><br \/>\n<label> <span class=\"hide-name\">Last name *<\/span><br \/>\n<span class=\"wpcf7-form-control-wrap\" data-name=\"apellido\"><input size=\"40\" maxlength=\"400\" class=\"wpcf7-form-control wpcf7-text wpcf7-validates-as-required\" autocomplete=\"apellido\" aria-required=\"true\" aria-invalid=\"false\" placeholder=\"Enter your last name\" value=\"\" type=\"text\" name=\"apellido\" \/><\/span><br \/>\n<\/label><br \/>\n<label> <span class=\"hide-name\">Email *<\/span><br \/>\n<span class=\"wpcf7-form-control-wrap\" data-name=\"email\"><input size=\"40\" maxlength=\"400\" class=\"wpcf7-form-control wpcf7-email wpcf7-validates-as-required wpcf7-text wpcf7-validates-as-email\" autocomplete=\"email\" aria-required=\"true\" aria-invalid=\"false\" placeholder=\"Enter your email\" value=\"\" type=\"email\" name=\"email\" \/><\/span><br \/>\n<\/label><br \/>\n<label> <span class=\"hide-name\">Phone *<\/span><br \/>\n<span class=\"wpcf7-form-control-wrap\" data-name=\"telefono\"><input size=\"40\" maxlength=\"400\" class=\"wpcf7-form-control wpcf7-tel wpcf7-text wpcf7-validates-as-tel\" aria-invalid=\"false\" placeholder=\"Enter your Phone\" value=\"\" type=\"tel\" name=\"telefono\" \/><\/span><br \/>\n<\/label>\n\t\t<\/p>\n\t<\/div>\n\t<div class=\"message-cmp\">\n\t\t<p><label><span class=\"hide-name\">Message *<\/span><br \/>\n<span class=\"wpcf7-form-control-wrap\" data-name=\"your-message\"><textarea cols=\"40\" rows=\"10\" maxlength=\"2000\" class=\"wpcf7-form-control wpcf7-textarea\" aria-invalid=\"false\" placeholder=\"Type your message\" name=\"your-message\"><\/textarea><\/span><br \/>\n<\/label>\n\t\t<\/p>\n\t\t<p><label class=\"terminos-label\"><br \/>\n<span class=\"wpcf7-form-control-wrap\" data-name=\"autorizo\"><span class=\"wpcf7-form-control wpcf7-checkbox wpcf7-validates-as-required\"><span class=\"wpcf7-list-item first last\"><label><input type=\"checkbox\" name=\"autorizo[]\" value=\"I have read and agree to the\" \/><span class=\"wpcf7-list-item-label\">I have read and agree to the<\/span><\/label><\/span><\/span><\/span><br \/>\n<a href=\"\/en\/data-authorization\/\" target=\"_blank\">Privacy Policy<\/a><br \/>\n<\/label><br \/>\n<input class=\"wpcf7-form-control wpcf7-submit has-spinner\" type=\"submit\" value=\"Send\" \/>\n\t\t<\/p>\n\t<\/div>\n<\/div><div class=\"wpcf7-response-output\" aria-hidden=\"true\"><\/div>\n<\/form>\n<\/div>\n<\/div>\n\t\t\t\t\t\t<\/div>\n\t\t\t\t<\/div>\n\t\t\t\t<\/div>\n\t\t\t\t<\/div>\n\t\t","protected":false},"excerpt":{"rendered":"<p>Would you like to start a discovery without any obligation? Leave us your information and we will contact you<\/p>\n","protected":false},"author":1,"featured_media":0,"parent":0,"menu_order":0,"comment_status":"closed","ping_status":"closed","template":"","meta":{"footnotes":""},"class_list":["post-5241","page","type-page","status-publish","hentry"],"yoast_head":"<!-- This site is optimized with the Yoast SEO plugin v27.3 - https:\/\/yoast.com\/product\/yoast-seo-wordpress\/ -->\n<title>Contact Our Experts | WA Solutions<\/title>\n<meta name=\"description\" content=\"Get in touch with specialists in Demand Driven, DDMRP and operational optimization. Let&#039;s work together.\" \/>\n<meta name=\"robots\" content=\"index, follow, max-snippet:-1, max-image-preview:large, max-video-preview:-1\" \/>\n<link rel=\"canonical\" href=\"https:\/\/wa-solutions.com\/en\/contact-us\/\" \/>\n<meta property=\"og:locale\" content=\"en_US\" \/>\n<meta property=\"og:type\" content=\"article\" \/>\n<meta property=\"og:title\" content=\"Contact Our Experts | WA Solutions\" \/>\n<meta property=\"og:description\" content=\"Get in touch with specialists in Demand Driven, DDMRP and operational optimization. Let&#039;s work together.\" \/>\n<meta property=\"og:url\" content=\"https:\/\/wa-solutions.com\/en\/contact-us\/\" \/>\n<meta property=\"og:site_name\" content=\"WA Solutions \u2013 WA Solutions, somos una compa\u00f1\u00eda de soluciones de TI enfocada en la metodolog\u00eda Demand Driven MRP (DDMRP) con \u00e9nfasis en la gesti\u00f3n del flujo en los entornos de operaciones.\" \/>\n<meta property=\"article:publisher\" content=\"https:\/\/www.facebook.com\/WaSolutionsEs\/\" \/>\n<meta property=\"article:modified_time\" content=\"2025-12-10T15:14:01+00:00\" \/>\n<meta property=\"og:image\" content=\"https:\/\/wa-solutions.com\/wp-content\/uploads\/2025\/10\/Banner-contacto.webp\" \/>\n<meta name=\"twitter:card\" content=\"summary_large_image\" \/>\n<meta name=\"twitter:label1\" content=\"Est. reading time\" \/>\n\t<meta name=\"twitter:data1\" content=\"1 minute\" \/>\n<script type=\"application\/ld+json\" class=\"yoast-schema-graph\">{\"@context\":\"https:\\\/\\\/schema.org\",\"@graph\":[{\"@type\":\"WebPage\",\"@id\":\"https:\\\/\\\/wa-solutions.com\\\/en\\\/contact-us\\\/\",\"url\":\"https:\\\/\\\/wa-solutions.com\\\/en\\\/contact-us\\\/\",\"name\":\"Contact Our Experts | WA Solutions\",\"isPartOf\":{\"@id\":\"https:\\\/\\\/wa-solutions.com\\\/en\\\/#website\"},\"primaryImageOfPage\":{\"@id\":\"https:\\\/\\\/wa-solutions.com\\\/en\\\/contact-us\\\/#primaryimage\"},\"image\":{\"@id\":\"https:\\\/\\\/wa-solutions.com\\\/en\\\/contact-us\\\/#primaryimage\"},\"thumbnailUrl\":\"https:\\\/\\\/wa-solutions.com\\\/wp-content\\\/uploads\\\/2025\\\/10\\\/Banner-contacto.webp\",\"datePublished\":\"2025-11-05T15:00:28+00:00\",\"dateModified\":\"2025-12-10T15:14:01+00:00\",\"description\":\"Get in touch with specialists in Demand Driven, DDMRP and operational optimization. Let's work together.\",\"breadcrumb\":{\"@id\":\"https:\\\/\\\/wa-solutions.com\\\/en\\\/contact-us\\\/#breadcrumb\"},\"inLanguage\":\"en-US\",\"potentialAction\":[{\"@type\":\"ReadAction\",\"target\":[\"https:\\\/\\\/wa-solutions.com\\\/en\\\/contact-us\\\/\"]}]},{\"@type\":\"ImageObject\",\"inLanguage\":\"en-US\",\"@id\":\"https:\\\/\\\/wa-solutions.com\\\/en\\\/contact-us\\\/#primaryimage\",\"url\":\"https:\\\/\\\/wa-solutions.com\\\/wp-content\\\/uploads\\\/2025\\\/10\\\/Banner-contacto.webp\",\"contentUrl\":\"https:\\\/\\\/wa-solutions.com\\\/wp-content\\\/uploads\\\/2025\\\/10\\\/Banner-contacto.webp\"},{\"@type\":\"BreadcrumbList\",\"@id\":\"https:\\\/\\\/wa-solutions.com\\\/en\\\/contact-us\\\/#breadcrumb\",\"itemListElement\":[{\"@type\":\"ListItem\",\"position\":1,\"name\":\"Portada\",\"item\":\"https:\\\/\\\/wa-solutions.com\\\/en\\\/\"},{\"@type\":\"ListItem\",\"position\":2,\"name\":\"Contact us\"}]},{\"@type\":\"WebSite\",\"@id\":\"https:\\\/\\\/wa-solutions.com\\\/en\\\/#website\",\"url\":\"https:\\\/\\\/wa-solutions.com\\\/en\\\/\",\"name\":\"WA Solutions \u2013 WA Solutions, somos una compa\u00f1\u00eda de soluciones de TI enfocada en la metodolog\u00eda Demand Driven MRP (DDMRP) con \u00e9nfasis en la gesti\u00f3n del flujo en los entornos de operaciones.\",\"description\":\"Somos una compa\u00f1\u00eda de consultor\u00eda y de desarrollo de soluciones inform\u00e1ticas enfocada en la metodolog\u00eda Demand Driven MRP (DDMRP) con \u00e9nfasis en la gesti\u00f3n del flujo en los entornos de operaciones.\",\"publisher\":{\"@id\":\"https:\\\/\\\/wa-solutions.com\\\/en\\\/#organization\"},\"potentialAction\":[{\"@type\":\"SearchAction\",\"target\":{\"@type\":\"EntryPoint\",\"urlTemplate\":\"https:\\\/\\\/wa-solutions.com\\\/en\\\/?s={search_term_string}\"},\"query-input\":{\"@type\":\"PropertyValueSpecification\",\"valueRequired\":true,\"valueName\":\"search_term_string\"}}],\"inLanguage\":\"en-US\"},{\"@type\":\"Organization\",\"@id\":\"https:\\\/\\\/wa-solutions.com\\\/en\\\/#organization\",\"name\":\"WA Solutions \u2013 WA Solutions, somos una compa\u00f1\u00eda de soluciones de TI enfocada en la metodolog\u00eda Demand Driven MRP (DDMRP) con \u00e9nfasis en la gesti\u00f3n del flujo en los entornos de operaciones.\",\"url\":\"https:\\\/\\\/wa-solutions.com\\\/en\\\/\",\"logo\":{\"@type\":\"ImageObject\",\"inLanguage\":\"en-US\",\"@id\":\"https:\\\/\\\/wa-solutions.com\\\/en\\\/#\\\/schema\\\/logo\\\/image\\\/\",\"url\":\"https:\\\/\\\/wa-solutions.com\\\/wp-content\\\/uploads\\\/2025\\\/10\\\/LOGO_WA.png\",\"contentUrl\":\"https:\\\/\\\/wa-solutions.com\\\/wp-content\\\/uploads\\\/2025\\\/10\\\/LOGO_WA.png\",\"width\":293,\"height\":42,\"caption\":\"WA Solutions \u2013 WA Solutions, somos una compa\u00f1\u00eda de soluciones de TI enfocada en la metodolog\u00eda Demand Driven MRP (DDMRP) con \u00e9nfasis en la gesti\u00f3n del flujo en los entornos de operaciones.\"},\"image\":{\"@id\":\"https:\\\/\\\/wa-solutions.com\\\/en\\\/#\\\/schema\\\/logo\\\/image\\\/\"},\"sameAs\":[\"https:\\\/\\\/www.facebook.com\\\/WaSolutionsEs\\\/\"]}]}<\/script>\n<!-- \/ Yoast SEO plugin. -->","yoast_head_json":{"title":"Contact Our Experts | WA Solutions","description":"Get in touch with specialists in Demand Driven, DDMRP and operational optimization. Let's work together.","robots":{"index":"index","follow":"follow","max-snippet":"max-snippet:-1","max-image-preview":"max-image-preview:large","max-video-preview":"max-video-preview:-1"},"canonical":"https:\/\/wa-solutions.com\/en\/contact-us\/","og_locale":"en_US","og_type":"article","og_title":"Contact Our Experts | WA Solutions","og_description":"Get in touch with specialists in Demand Driven, DDMRP and operational optimization. Let's work together.","og_url":"https:\/\/wa-solutions.com\/en\/contact-us\/","og_site_name":"WA Solutions \u2013 WA Solutions, somos una compa\u00f1\u00eda de soluciones de TI enfocada en la metodolog\u00eda Demand Driven MRP (DDMRP) con \u00e9nfasis en la gesti\u00f3n del flujo en los entornos de operaciones.","article_publisher":"https:\/\/www.facebook.com\/WaSolutionsEs\/","article_modified_time":"2025-12-10T15:14:01+00:00","og_image":[{"url":"https:\/\/wa-solutions.com\/wp-content\/uploads\/2025\/10\/Banner-contacto.webp","type":"","width":"","height":""}],"twitter_card":"summary_large_image","twitter_misc":{"Est. reading time":"1 minute"},"schema":{"@context":"https:\/\/schema.org","@graph":[{"@type":"WebPage","@id":"https:\/\/wa-solutions.com\/en\/contact-us\/","url":"https:\/\/wa-solutions.com\/en\/contact-us\/","name":"Contact Our Experts | WA Solutions","isPartOf":{"@id":"https:\/\/wa-solutions.com\/en\/#website"},"primaryImageOfPage":{"@id":"https:\/\/wa-solutions.com\/en\/contact-us\/#primaryimage"},"image":{"@id":"https:\/\/wa-solutions.com\/en\/contact-us\/#primaryimage"},"thumbnailUrl":"https:\/\/wa-solutions.com\/wp-content\/uploads\/2025\/10\/Banner-contacto.webp","datePublished":"2025-11-05T15:00:28+00:00","dateModified":"2025-12-10T15:14:01+00:00","description":"Get in touch with specialists in Demand Driven, DDMRP and operational optimization. Let's work together.","breadcrumb":{"@id":"https:\/\/wa-solutions.com\/en\/contact-us\/#breadcrumb"},"inLanguage":"en-US","potentialAction":[{"@type":"ReadAction","target":["https:\/\/wa-solutions.com\/en\/contact-us\/"]}]},{"@type":"ImageObject","inLanguage":"en-US","@id":"https:\/\/wa-solutions.com\/en\/contact-us\/#primaryimage","url":"https:\/\/wa-solutions.com\/wp-content\/uploads\/2025\/10\/Banner-contacto.webp","contentUrl":"https:\/\/wa-solutions.com\/wp-content\/uploads\/2025\/10\/Banner-contacto.webp"},{"@type":"BreadcrumbList","@id":"https:\/\/wa-solutions.com\/en\/contact-us\/#breadcrumb","itemListElement":[{"@type":"ListItem","position":1,"name":"Portada","item":"https:\/\/wa-solutions.com\/en\/"},{"@type":"ListItem","position":2,"name":"Contact us"}]},{"@type":"WebSite","@id":"https:\/\/wa-solutions.com\/en\/#website","url":"https:\/\/wa-solutions.com\/en\/","name":"WA Solutions \u2013 WA Solutions, somos una compa\u00f1\u00eda de soluciones de TI enfocada en la metodolog\u00eda Demand Driven MRP (DDMRP) con \u00e9nfasis en la gesti\u00f3n del flujo en los entornos de operaciones.","description":"Somos una compa\u00f1\u00eda de consultor\u00eda y de desarrollo de soluciones inform\u00e1ticas enfocada en la metodolog\u00eda Demand Driven MRP (DDMRP) con \u00e9nfasis en la gesti\u00f3n del flujo en los entornos de operaciones.","publisher":{"@id":"https:\/\/wa-solutions.com\/en\/#organization"},"potentialAction":[{"@type":"SearchAction","target":{"@type":"EntryPoint","urlTemplate":"https:\/\/wa-solutions.com\/en\/?s={search_term_string}"},"query-input":{"@type":"PropertyValueSpecification","valueRequired":true,"valueName":"search_term_string"}}],"inLanguage":"en-US"},{"@type":"Organization","@id":"https:\/\/wa-solutions.com\/en\/#organization","name":"WA Solutions \u2013 WA Solutions, somos una compa\u00f1\u00eda de soluciones de TI enfocada en la metodolog\u00eda Demand Driven MRP (DDMRP) con \u00e9nfasis en la gesti\u00f3n del flujo en los entornos de operaciones.","url":"https:\/\/wa-solutions.com\/en\/","logo":{"@type":"ImageObject","inLanguage":"en-US","@id":"https:\/\/wa-solutions.com\/en\/#\/schema\/logo\/image\/","url":"https:\/\/wa-solutions.com\/wp-content\/uploads\/2025\/10\/LOGO_WA.png","contentUrl":"https:\/\/wa-solutions.com\/wp-content\/uploads\/2025\/10\/LOGO_WA.png","width":293,"height":42,"caption":"WA Solutions \u2013 WA Solutions, somos una compa\u00f1\u00eda de soluciones de TI enfocada en la metodolog\u00eda Demand Driven MRP (DDMRP) con \u00e9nfasis en la gesti\u00f3n del flujo en los entornos de operaciones."},"image":{"@id":"https:\/\/wa-solutions.com\/en\/#\/schema\/logo\/image\/"},"sameAs":["https:\/\/www.facebook.com\/WaSolutionsEs\/"]}]}},"_links":{"self":[{"href":"https:\/\/wa-solutions.com\/en\/wp-json\/wp\/v2\/pages\/5241","targetHints":{"allow":["GET"]}}],"collection":[{"href":"https:\/\/wa-solutions.com\/en\/wp-json\/wp\/v2\/pages"}],"about":[{"href":"https:\/\/wa-solutions.com\/en\/wp-json\/wp\/v2\/types\/page"}],"author":[{"embeddable":true,"href":"https:\/\/wa-solutions.com\/en\/wp-json\/wp\/v2\/users\/1"}],"replies":[{"embeddable":true,"href":"https:\/\/wa-solutions.com\/en\/wp-json\/wp\/v2\/comments?post=5241"}],"version-history":[{"count":10,"href":"https:\/\/wa-solutions.com\/en\/wp-json\/wp\/v2\/pages\/5241\/revisions"}],"predecessor-version":[{"id":6055,"href":"https:\/\/wa-solutions.com\/en\/wp-json\/wp\/v2\/pages\/5241\/revisions\/6055"}],"wp:attachment":[{"href":"https:\/\/wa-solutions.com\/en\/wp-json\/wp\/v2\/media?parent=5241"}],"curies":[{"name":"wp","href":"https:\/\/api.w.org\/{rel}","templated":true}]}}