{"id":5245,"date":"2025-10-27T11:33:31","date_gmt":"2025-10-27T16:33:31","guid":{"rendered":"https:\/\/wa-solutions.com\/solutions\/"},"modified":"2025-12-09T17:45:32","modified_gmt":"2025-12-09T22:45:32","slug":"solutions","status":"publish","type":"page","link":"https:\/\/wa-solutions.com\/en\/solutions\/","title":{"rendered":"solutions"},"content":{"rendered":"","protected":false},"excerpt":{"rendered":"","protected":false},"author":1,"featured_media":0,"parent":0,"menu_order":0,"comment_status":"closed","ping_status":"closed","template":"","meta":{"footnotes":""},"class_list":["post-5245","page","type-page","status-publish","hentry"],"yoast_head":"<!-- This site is optimized with the Yoast SEO plugin v27.3 - https:\/\/yoast.com\/product\/yoast-seo-wordpress\/ -->\n<title>Demand Driven Solutions | WA Solutions<\/title>\n<meta name=\"description\" content=\"Explore Demand Driven and DDMRP solutions to improve visibility, flow and operational performance.\" \/>\n<meta name=\"robots\" content=\"index, follow, max-snippet:-1, max-image-preview:large, max-video-preview:-1\" \/>\n<link rel=\"canonical\" href=\"https:\/\/wa-solutions.com\/en\/solutions\/\" \/>\n<meta property=\"og:locale\" content=\"en_US\" \/>\n<meta property=\"og:type\" content=\"article\" \/>\n<meta property=\"og:title\" content=\"Demand Driven Solutions | WA Solutions\" \/>\n<meta property=\"og:description\" content=\"Explore Demand Driven and DDMRP solutions to improve visibility, flow and operational performance.\" \/>\n<meta property=\"og:url\" content=\"https:\/\/wa-solutions.com\/en\/solutions\/\" \/>\n<meta property=\"og:site_name\" content=\"WA Solutions \u2013 WA Solutions, somos una compa\u00f1\u00eda de soluciones de TI enfocada en la metodolog\u00eda Demand Driven MRP (DDMRP) con \u00e9nfasis en la gesti\u00f3n del flujo en los entornos de operaciones.\" \/>\n<meta property=\"article:publisher\" content=\"https:\/\/www.facebook.com\/WaSolutionsEs\/\" \/>\n<meta property=\"article:modified_time\" content=\"2025-12-09T22:45:32+00:00\" \/>\n<meta name=\"twitter:card\" content=\"summary_large_image\" \/>\n<script type=\"application\/ld+json\" class=\"yoast-schema-graph\">{\"@context\":\"https:\\\/\\\/schema.org\",\"@graph\":[{\"@type\":\"WebPage\",\"@id\":\"https:\\\/\\\/wa-solutions.com\\\/en\\\/solutions\\\/\",\"url\":\"https:\\\/\\\/wa-solutions.com\\\/en\\\/solutions\\\/\",\"name\":\"Demand Driven Solutions | WA Solutions\",\"isPartOf\":{\"@id\":\"https:\\\/\\\/wa-solutions.com\\\/en\\\/#website\"},\"datePublished\":\"2025-10-27T16:33:31+00:00\",\"dateModified\":\"2025-12-09T22:45:32+00:00\",\"description\":\"Explore Demand Driven and DDMRP solutions to improve visibility, flow and operational performance.\",\"breadcrumb\":{\"@id\":\"https:\\\/\\\/wa-solutions.com\\\/en\\\/solutions\\\/#breadcrumb\"},\"inLanguage\":\"en-US\",\"potentialAction\":[{\"@type\":\"ReadAction\",\"target\":[\"https:\\\/\\\/wa-solutions.com\\\/en\\\/solutions\\\/\"]}]},{\"@type\":\"BreadcrumbList\",\"@id\":\"https:\\\/\\\/wa-solutions.com\\\/en\\\/solutions\\\/#breadcrumb\",\"itemListElement\":[{\"@type\":\"ListItem\",\"position\":1,\"name\":\"Portada\",\"item\":\"https:\\\/\\\/wa-solutions.com\\\/en\\\/\"},{\"@type\":\"ListItem\",\"position\":2,\"name\":\"solutions\"}]},{\"@type\":\"WebSite\",\"@id\":\"https:\\\/\\\/wa-solutions.com\\\/en\\\/#website\",\"url\":\"https:\\\/\\\/wa-solutions.com\\\/en\\\/\",\"name\":\"WA Solutions \u2013 WA Solutions, somos una compa\u00f1\u00eda de soluciones de TI enfocada en la metodolog\u00eda Demand Driven MRP (DDMRP) con \u00e9nfasis en la gesti\u00f3n del flujo en los entornos de operaciones.\",\"description\":\"Somos una compa\u00f1\u00eda de consultor\u00eda y de desarrollo de soluciones inform\u00e1ticas enfocada en la metodolog\u00eda Demand Driven MRP (DDMRP) con \u00e9nfasis en la gesti\u00f3n del flujo en los entornos de operaciones.\",\"publisher\":{\"@id\":\"https:\\\/\\\/wa-solutions.com\\\/en\\\/#organization\"},\"potentialAction\":[{\"@type\":\"SearchAction\",\"target\":{\"@type\":\"EntryPoint\",\"urlTemplate\":\"https:\\\/\\\/wa-solutions.com\\\/en\\\/?s={search_term_string}\"},\"query-input\":{\"@type\":\"PropertyValueSpecification\",\"valueRequired\":true,\"valueName\":\"search_term_string\"}}],\"inLanguage\":\"en-US\"},{\"@type\":\"Organization\",\"@id\":\"https:\\\/\\\/wa-solutions.com\\\/en\\\/#organization\",\"name\":\"WA Solutions \u2013 WA Solutions, somos una compa\u00f1\u00eda de soluciones de TI enfocada en la metodolog\u00eda Demand Driven MRP (DDMRP) con \u00e9nfasis en la gesti\u00f3n del flujo en los entornos de operaciones.\",\"url\":\"https:\\\/\\\/wa-solutions.com\\\/en\\\/\",\"logo\":{\"@type\":\"ImageObject\",\"inLanguage\":\"en-US\",\"@id\":\"https:\\\/\\\/wa-solutions.com\\\/en\\\/#\\\/schema\\\/logo\\\/image\\\/\",\"url\":\"https:\\\/\\\/wa-solutions.com\\\/wp-content\\\/uploads\\\/2025\\\/10\\\/LOGO_WA.png\",\"contentUrl\":\"https:\\\/\\\/wa-solutions.com\\\/wp-content\\\/uploads\\\/2025\\\/10\\\/LOGO_WA.png\",\"width\":293,\"height\":42,\"caption\":\"WA Solutions \u2013 WA Solutions, somos una compa\u00f1\u00eda de soluciones de TI enfocada en la metodolog\u00eda Demand Driven MRP (DDMRP) con \u00e9nfasis en la gesti\u00f3n del flujo en los entornos de operaciones.\"},\"image\":{\"@id\":\"https:\\\/\\\/wa-solutions.com\\\/en\\\/#\\\/schema\\\/logo\\\/image\\\/\"},\"sameAs\":[\"https:\\\/\\\/www.facebook.com\\\/WaSolutionsEs\\\/\"]}]}<\/script>\n<!-- \/ Yoast SEO plugin. -->","yoast_head_json":{"title":"Demand Driven Solutions | WA Solutions","description":"Explore Demand Driven and DDMRP solutions to improve visibility, flow and operational performance.","robots":{"index":"index","follow":"follow","max-snippet":"max-snippet:-1","max-image-preview":"max-image-preview:large","max-video-preview":"max-video-preview:-1"},"canonical":"https:\/\/wa-solutions.com\/en\/solutions\/","og_locale":"en_US","og_type":"article","og_title":"Demand Driven Solutions | WA Solutions","og_description":"Explore Demand Driven and DDMRP solutions to improve visibility, flow and operational performance.","og_url":"https:\/\/wa-solutions.com\/en\/solutions\/","og_site_name":"WA Solutions \u2013 WA Solutions, somos una compa\u00f1\u00eda de soluciones de TI enfocada en la metodolog\u00eda Demand Driven MRP (DDMRP) con \u00e9nfasis en la gesti\u00f3n del flujo en los entornos de operaciones.","article_publisher":"https:\/\/www.facebook.com\/WaSolutionsEs\/","article_modified_time":"2025-12-09T22:45:32+00:00","twitter_card":"summary_large_image","schema":{"@context":"https:\/\/schema.org","@graph":[{"@type":"WebPage","@id":"https:\/\/wa-solutions.com\/en\/solutions\/","url":"https:\/\/wa-solutions.com\/en\/solutions\/","name":"Demand Driven Solutions | WA Solutions","isPartOf":{"@id":"https:\/\/wa-solutions.com\/en\/#website"},"datePublished":"2025-10-27T16:33:31+00:00","dateModified":"2025-12-09T22:45:32+00:00","description":"Explore Demand Driven and DDMRP solutions to improve visibility, flow and operational performance.","breadcrumb":{"@id":"https:\/\/wa-solutions.com\/en\/solutions\/#breadcrumb"},"inLanguage":"en-US","potentialAction":[{"@type":"ReadAction","target":["https:\/\/wa-solutions.com\/en\/solutions\/"]}]},{"@type":"BreadcrumbList","@id":"https:\/\/wa-solutions.com\/en\/solutions\/#breadcrumb","itemListElement":[{"@type":"ListItem","position":1,"name":"Portada","item":"https:\/\/wa-solutions.com\/en\/"},{"@type":"ListItem","position":2,"name":"solutions"}]},{"@type":"WebSite","@id":"https:\/\/wa-solutions.com\/en\/#website","url":"https:\/\/wa-solutions.com\/en\/","name":"WA Solutions \u2013 WA Solutions, somos una compa\u00f1\u00eda de soluciones de TI enfocada en la metodolog\u00eda Demand Driven MRP (DDMRP) con \u00e9nfasis en la gesti\u00f3n del flujo en los entornos de operaciones.","description":"Somos una compa\u00f1\u00eda de consultor\u00eda y de desarrollo de soluciones inform\u00e1ticas enfocada en la metodolog\u00eda Demand Driven MRP (DDMRP) con \u00e9nfasis en la gesti\u00f3n del flujo en los entornos de operaciones.","publisher":{"@id":"https:\/\/wa-solutions.com\/en\/#organization"},"potentialAction":[{"@type":"SearchAction","target":{"@type":"EntryPoint","urlTemplate":"https:\/\/wa-solutions.com\/en\/?s={search_term_string}"},"query-input":{"@type":"PropertyValueSpecification","valueRequired":true,"valueName":"search_term_string"}}],"inLanguage":"en-US"},{"@type":"Organization","@id":"https:\/\/wa-solutions.com\/en\/#organization","name":"WA Solutions \u2013 WA Solutions, somos una compa\u00f1\u00eda de soluciones de TI enfocada en la metodolog\u00eda Demand Driven MRP (DDMRP) con \u00e9nfasis en la gesti\u00f3n del flujo en los entornos de operaciones.","url":"https:\/\/wa-solutions.com\/en\/","logo":{"@type":"ImageObject","inLanguage":"en-US","@id":"https:\/\/wa-solutions.com\/en\/#\/schema\/logo\/image\/","url":"https:\/\/wa-solutions.com\/wp-content\/uploads\/2025\/10\/LOGO_WA.png","contentUrl":"https:\/\/wa-solutions.com\/wp-content\/uploads\/2025\/10\/LOGO_WA.png","width":293,"height":42,"caption":"WA Solutions \u2013 WA Solutions, somos una compa\u00f1\u00eda de soluciones de TI enfocada en la metodolog\u00eda Demand Driven MRP (DDMRP) con \u00e9nfasis en la gesti\u00f3n del flujo en los entornos de operaciones."},"image":{"@id":"https:\/\/wa-solutions.com\/en\/#\/schema\/logo\/image\/"},"sameAs":["https:\/\/www.facebook.com\/WaSolutionsEs\/"]}]}},"_links":{"self":[{"href":"https:\/\/wa-solutions.com\/en\/wp-json\/wp\/v2\/pages\/5245","targetHints":{"allow":["GET"]}}],"collection":[{"href":"https:\/\/wa-solutions.com\/en\/wp-json\/wp\/v2\/pages"}],"about":[{"href":"https:\/\/wa-solutions.com\/en\/wp-json\/wp\/v2\/types\/page"}],"author":[{"embeddable":true,"href":"https:\/\/wa-solutions.com\/en\/wp-json\/wp\/v2\/users\/1"}],"replies":[{"embeddable":true,"href":"https:\/\/wa-solutions.com\/en\/wp-json\/wp\/v2\/comments?post=5245"}],"version-history":[{"count":1,"href":"https:\/\/wa-solutions.com\/en\/wp-json\/wp\/v2\/pages\/5245\/revisions"}],"predecessor-version":[{"id":6273,"href":"https:\/\/wa-solutions.com\/en\/wp-json\/wp\/v2\/pages\/5245\/revisions\/6273"}],"wp:attachment":[{"href":"https:\/\/wa-solutions.com\/en\/wp-json\/wp\/v2\/media?parent=5245"}],"curies":[{"name":"wp","href":"https:\/\/api.w.org\/{rel}","templated":true}]}}