{"id":5613,"date":"2025-11-28T16:58:55","date_gmt":"2025-11-28T21:58:55","guid":{"rendered":"https:\/\/wa-solutions.com\/data-authorization\/"},"modified":"2025-12-10T10:12:13","modified_gmt":"2025-12-10T15:12:13","slug":"data-authorization","status":"publish","type":"page","link":"https:\/\/wa-solutions.com\/en\/data-authorization\/","title":{"rendered":"Data Authorization"},"content":{"rendered":"\t\t<div data-elementor-type=\"wp-page\" data-elementor-id=\"5613\" class=\"elementor elementor-5613 elementor-5601\" data-elementor-post-type=\"page\">\n\t\t\t\t<div class=\"elementor-element elementor-element-851da10 e-flex e-con-boxed e-con e-parent\" data-id=\"851da10\" data-element_type=\"container\" data-e-type=\"container\">\n\t\t\t\t\t<div class=\"e-con-inner\">\n\t\t\t\t<div class=\"elementor-element elementor-element-45224d7 elementor-widget elementor-widget-heading\" data-id=\"45224d7\" data-element_type=\"widget\" data-e-type=\"widget\" data-widget_type=\"heading.default\">\n\t\t\t\t\t<h2 class=\"elementor-heading-title elementor-size-default\">Data Authorization<\/h2>\t\t\t\t<\/div>\n\t\t\t\t\t<\/div>\n\t\t\t\t<\/div>\n\t\t<div class=\"elementor-element elementor-element-326bbe7 e-flex e-con-boxed e-con e-parent\" data-id=\"326bbe7\" data-element_type=\"container\" data-e-type=\"container\">\n\t\t\t\t\t<div class=\"e-con-inner\">\n\t\t\t\t<div class=\"elementor-element elementor-element-3066dc8 elementor-widget elementor-widget-text-editor\" data-id=\"3066dc8\" data-element_type=\"widget\" data-e-type=\"widget\" data-widget_type=\"text-editor.default\">\n\t\t\t\t\t\t\t\t\t<p><span style=\"font-weight: 400;\">By submitting this form, you voluntarily, previously, expressly, and informedly authorize WA Solutions S.A.S., a commercial company identified with NIT 900.714.689-3, located at Carrera 52 # 14 &#8211; 30, office 201, to process your personal data as the controller of personal data processing (hereinafter the &#8220;Controller&#8221;), to collect, store, use, process, transmit, and systematize your personal data, in order to contact you for a commercial approach and an understanding of the need, answer your questions, comments, and suggestions, and send the WA Solutions newsletter via email with information, advertising, communications, news, and offers, in accordance with the <\/span><a href=\"https:\/\/wa-solutions.com\/en\/privacy-policy\/\"><span style=\"font-weight: 400;\">Personal Data Processing Policy.<\/span><\/a><span style=\"font-weight: 400;\">  As the owner, you have the right to: 1. Know, update, rectify, and access your personal data that has been processed free of charge; 2. Request the update and rectification of your information regarding partial, inaccurate, incomplete, fragmented data, that lead to error, or those whose treatment is prohibited or has not been authorized; 3. Request proof of the authorization granted, unless the authorization is expressly excepted as a requirement for the treatment. 4. Be informed of the use that the Controller has given to your personal data, upon request; 5. File complaints with the Superintendence of Industry and Commerce for infractions of the provisions of the current applicable regulations; 6. Revoke the authorization and\/or request the deletion of the data, unless there is a legal or contractual duty to keep it; 7. Refrain from authorizing the processing or answering questions about sensitive data or data of children and adolescents; 8. The others provided in the Constitution and the Law. The owner may exercise their rights and file claims and queries through the email address  <\/span><a href=\"mailto:info@wasolutions.co\"><span style=\"font-weight: 400;\">info@wasolutions.co,<\/span><\/a><span style=\"font-weight: 400;\"> in accordance with the provisions of the Personal Data Processing Policy. The submission of this form is considered as an unequivocal conduct of the owner that allows to reasonably conclude that the authorization was granted.<\/span><\/p>\t\t\t\t\t\t\t\t<\/div>\n\t\t\t\t\t<\/div>\n\t\t\t\t<\/div>\n\t\t\t\t<\/div>\n\t\t","protected":false},"excerpt":{"rendered":"<p>Data Authorization By submitting this form, you voluntarily, previously, expressly, and informedly authorize WA Solutions S.A.S., a commercial company identified with NIT 900.714.689-3, located at Carrera 52 # 14 &#8211; 30, office 201, to process your personal data as the controller of personal data processing (hereinafter the &#8220;Controller&#8221;), to collect, store, use, process, transmit, and [&hellip;]<\/p>\n","protected":false},"author":1,"featured_media":0,"parent":0,"menu_order":0,"comment_status":"closed","ping_status":"closed","template":"","meta":{"footnotes":""},"class_list":["post-5613","page","type-page","status-publish","hentry"],"yoast_head":"<!-- This site is optimized with the Yoast SEO plugin v27.3 - https:\/\/yoast.com\/product\/yoast-seo-wordpress\/ -->\n<title>Data Authorization Policy | WA Solutions<\/title>\n<meta name=\"description\" content=\"Review how WA Solutions manages and protects personal data following secure and compliant standards.\" \/>\n<meta name=\"robots\" content=\"index, follow, max-snippet:-1, max-image-preview:large, max-video-preview:-1\" \/>\n<link rel=\"canonical\" href=\"https:\/\/wa-solutions.com\/en\/data-authorization\/\" \/>\n<meta property=\"og:locale\" content=\"en_US\" \/>\n<meta property=\"og:type\" content=\"article\" \/>\n<meta property=\"og:title\" content=\"Data Authorization Policy | WA Solutions\" \/>\n<meta property=\"og:description\" content=\"Review how WA Solutions manages and protects personal data following secure and compliant standards.\" \/>\n<meta property=\"og:url\" content=\"https:\/\/wa-solutions.com\/en\/data-authorization\/\" \/>\n<meta property=\"og:site_name\" content=\"WA Solutions \u2013 WA Solutions, somos una compa\u00f1\u00eda de soluciones de TI enfocada en la metodolog\u00eda Demand Driven MRP (DDMRP) con \u00e9nfasis en la gesti\u00f3n del flujo en los entornos de operaciones.\" \/>\n<meta property=\"article:publisher\" content=\"https:\/\/www.facebook.com\/WaSolutionsEs\/\" \/>\n<meta property=\"article:modified_time\" content=\"2025-12-10T15:12:13+00:00\" \/>\n<meta name=\"twitter:card\" content=\"summary_large_image\" \/>\n<meta name=\"twitter:label1\" content=\"Est. reading time\" \/>\n\t<meta name=\"twitter:data1\" content=\"2 minutes\" \/>\n<script type=\"application\/ld+json\" class=\"yoast-schema-graph\">{\"@context\":\"https:\\\/\\\/schema.org\",\"@graph\":[{\"@type\":\"WebPage\",\"@id\":\"https:\\\/\\\/wa-solutions.com\\\/en\\\/data-authorization\\\/\",\"url\":\"https:\\\/\\\/wa-solutions.com\\\/en\\\/data-authorization\\\/\",\"name\":\"Data Authorization Policy | WA Solutions\",\"isPartOf\":{\"@id\":\"https:\\\/\\\/wa-solutions.com\\\/en\\\/#website\"},\"datePublished\":\"2025-11-28T21:58:55+00:00\",\"dateModified\":\"2025-12-10T15:12:13+00:00\",\"description\":\"Review how WA Solutions manages and protects personal data following secure and compliant standards.\",\"breadcrumb\":{\"@id\":\"https:\\\/\\\/wa-solutions.com\\\/en\\\/data-authorization\\\/#breadcrumb\"},\"inLanguage\":\"en-US\",\"potentialAction\":[{\"@type\":\"ReadAction\",\"target\":[\"https:\\\/\\\/wa-solutions.com\\\/en\\\/data-authorization\\\/\"]}]},{\"@type\":\"BreadcrumbList\",\"@id\":\"https:\\\/\\\/wa-solutions.com\\\/en\\\/data-authorization\\\/#breadcrumb\",\"itemListElement\":[{\"@type\":\"ListItem\",\"position\":1,\"name\":\"Portada\",\"item\":\"https:\\\/\\\/wa-solutions.com\\\/en\\\/\"},{\"@type\":\"ListItem\",\"position\":2,\"name\":\"Data Authorization\"}]},{\"@type\":\"WebSite\",\"@id\":\"https:\\\/\\\/wa-solutions.com\\\/en\\\/#website\",\"url\":\"https:\\\/\\\/wa-solutions.com\\\/en\\\/\",\"name\":\"WA Solutions \u2013 WA Solutions, somos una compa\u00f1\u00eda de soluciones de TI enfocada en la metodolog\u00eda Demand Driven MRP (DDMRP) con \u00e9nfasis en la gesti\u00f3n del flujo en los entornos de operaciones.\",\"description\":\"Somos una compa\u00f1\u00eda de consultor\u00eda y de desarrollo de soluciones inform\u00e1ticas enfocada en la metodolog\u00eda Demand Driven MRP (DDMRP) con \u00e9nfasis en la gesti\u00f3n del flujo en los entornos de operaciones.\",\"publisher\":{\"@id\":\"https:\\\/\\\/wa-solutions.com\\\/en\\\/#organization\"},\"potentialAction\":[{\"@type\":\"SearchAction\",\"target\":{\"@type\":\"EntryPoint\",\"urlTemplate\":\"https:\\\/\\\/wa-solutions.com\\\/en\\\/?s={search_term_string}\"},\"query-input\":{\"@type\":\"PropertyValueSpecification\",\"valueRequired\":true,\"valueName\":\"search_term_string\"}}],\"inLanguage\":\"en-US\"},{\"@type\":\"Organization\",\"@id\":\"https:\\\/\\\/wa-solutions.com\\\/en\\\/#organization\",\"name\":\"WA Solutions \u2013 WA Solutions, somos una compa\u00f1\u00eda de soluciones de TI enfocada en la metodolog\u00eda Demand Driven MRP (DDMRP) con \u00e9nfasis en la gesti\u00f3n del flujo en los entornos de operaciones.\",\"url\":\"https:\\\/\\\/wa-solutions.com\\\/en\\\/\",\"logo\":{\"@type\":\"ImageObject\",\"inLanguage\":\"en-US\",\"@id\":\"https:\\\/\\\/wa-solutions.com\\\/en\\\/#\\\/schema\\\/logo\\\/image\\\/\",\"url\":\"https:\\\/\\\/wa-solutions.com\\\/wp-content\\\/uploads\\\/2025\\\/10\\\/LOGO_WA.png\",\"contentUrl\":\"https:\\\/\\\/wa-solutions.com\\\/wp-content\\\/uploads\\\/2025\\\/10\\\/LOGO_WA.png\",\"width\":293,\"height\":42,\"caption\":\"WA Solutions \u2013 WA Solutions, somos una compa\u00f1\u00eda de soluciones de TI enfocada en la metodolog\u00eda Demand Driven MRP (DDMRP) con \u00e9nfasis en la gesti\u00f3n del flujo en los entornos de operaciones.\"},\"image\":{\"@id\":\"https:\\\/\\\/wa-solutions.com\\\/en\\\/#\\\/schema\\\/logo\\\/image\\\/\"},\"sameAs\":[\"https:\\\/\\\/www.facebook.com\\\/WaSolutionsEs\\\/\"]}]}<\/script>\n<!-- \/ Yoast SEO plugin. -->","yoast_head_json":{"title":"Data Authorization Policy | WA Solutions","description":"Review how WA Solutions manages and protects personal data following secure and compliant standards.","robots":{"index":"index","follow":"follow","max-snippet":"max-snippet:-1","max-image-preview":"max-image-preview:large","max-video-preview":"max-video-preview:-1"},"canonical":"https:\/\/wa-solutions.com\/en\/data-authorization\/","og_locale":"en_US","og_type":"article","og_title":"Data Authorization Policy | WA Solutions","og_description":"Review how WA Solutions manages and protects personal data following secure and compliant standards.","og_url":"https:\/\/wa-solutions.com\/en\/data-authorization\/","og_site_name":"WA Solutions \u2013 WA Solutions, somos una compa\u00f1\u00eda de soluciones de TI enfocada en la metodolog\u00eda Demand Driven MRP (DDMRP) con \u00e9nfasis en la gesti\u00f3n del flujo en los entornos de operaciones.","article_publisher":"https:\/\/www.facebook.com\/WaSolutionsEs\/","article_modified_time":"2025-12-10T15:12:13+00:00","twitter_card":"summary_large_image","twitter_misc":{"Est. reading time":"2 minutes"},"schema":{"@context":"https:\/\/schema.org","@graph":[{"@type":"WebPage","@id":"https:\/\/wa-solutions.com\/en\/data-authorization\/","url":"https:\/\/wa-solutions.com\/en\/data-authorization\/","name":"Data Authorization Policy | WA Solutions","isPartOf":{"@id":"https:\/\/wa-solutions.com\/en\/#website"},"datePublished":"2025-11-28T21:58:55+00:00","dateModified":"2025-12-10T15:12:13+00:00","description":"Review how WA Solutions manages and protects personal data following secure and compliant standards.","breadcrumb":{"@id":"https:\/\/wa-solutions.com\/en\/data-authorization\/#breadcrumb"},"inLanguage":"en-US","potentialAction":[{"@type":"ReadAction","target":["https:\/\/wa-solutions.com\/en\/data-authorization\/"]}]},{"@type":"BreadcrumbList","@id":"https:\/\/wa-solutions.com\/en\/data-authorization\/#breadcrumb","itemListElement":[{"@type":"ListItem","position":1,"name":"Portada","item":"https:\/\/wa-solutions.com\/en\/"},{"@type":"ListItem","position":2,"name":"Data Authorization"}]},{"@type":"WebSite","@id":"https:\/\/wa-solutions.com\/en\/#website","url":"https:\/\/wa-solutions.com\/en\/","name":"WA Solutions \u2013 WA Solutions, somos una compa\u00f1\u00eda de soluciones de TI enfocada en la metodolog\u00eda Demand Driven MRP (DDMRP) con \u00e9nfasis en la gesti\u00f3n del flujo en los entornos de operaciones.","description":"Somos una compa\u00f1\u00eda de consultor\u00eda y de desarrollo de soluciones inform\u00e1ticas enfocada en la metodolog\u00eda Demand Driven MRP (DDMRP) con \u00e9nfasis en la gesti\u00f3n del flujo en los entornos de operaciones.","publisher":{"@id":"https:\/\/wa-solutions.com\/en\/#organization"},"potentialAction":[{"@type":"SearchAction","target":{"@type":"EntryPoint","urlTemplate":"https:\/\/wa-solutions.com\/en\/?s={search_term_string}"},"query-input":{"@type":"PropertyValueSpecification","valueRequired":true,"valueName":"search_term_string"}}],"inLanguage":"en-US"},{"@type":"Organization","@id":"https:\/\/wa-solutions.com\/en\/#organization","name":"WA Solutions \u2013 WA Solutions, somos una compa\u00f1\u00eda de soluciones de TI enfocada en la metodolog\u00eda Demand Driven MRP (DDMRP) con \u00e9nfasis en la gesti\u00f3n del flujo en los entornos de operaciones.","url":"https:\/\/wa-solutions.com\/en\/","logo":{"@type":"ImageObject","inLanguage":"en-US","@id":"https:\/\/wa-solutions.com\/en\/#\/schema\/logo\/image\/","url":"https:\/\/wa-solutions.com\/wp-content\/uploads\/2025\/10\/LOGO_WA.png","contentUrl":"https:\/\/wa-solutions.com\/wp-content\/uploads\/2025\/10\/LOGO_WA.png","width":293,"height":42,"caption":"WA Solutions \u2013 WA Solutions, somos una compa\u00f1\u00eda de soluciones de TI enfocada en la metodolog\u00eda Demand Driven MRP (DDMRP) con \u00e9nfasis en la gesti\u00f3n del flujo en los entornos de operaciones."},"image":{"@id":"https:\/\/wa-solutions.com\/en\/#\/schema\/logo\/image\/"},"sameAs":["https:\/\/www.facebook.com\/WaSolutionsEs\/"]}]}},"_links":{"self":[{"href":"https:\/\/wa-solutions.com\/en\/wp-json\/wp\/v2\/pages\/5613","targetHints":{"allow":["GET"]}}],"collection":[{"href":"https:\/\/wa-solutions.com\/en\/wp-json\/wp\/v2\/pages"}],"about":[{"href":"https:\/\/wa-solutions.com\/en\/wp-json\/wp\/v2\/types\/page"}],"author":[{"embeddable":true,"href":"https:\/\/wa-solutions.com\/en\/wp-json\/wp\/v2\/users\/1"}],"replies":[{"embeddable":true,"href":"https:\/\/wa-solutions.com\/en\/wp-json\/wp\/v2\/comments?post=5613"}],"version-history":[{"count":2,"href":"https:\/\/wa-solutions.com\/en\/wp-json\/wp\/v2\/pages\/5613\/revisions"}],"predecessor-version":[{"id":6274,"href":"https:\/\/wa-solutions.com\/en\/wp-json\/wp\/v2\/pages\/5613\/revisions\/6274"}],"wp:attachment":[{"href":"https:\/\/wa-solutions.com\/en\/wp-json\/wp\/v2\/media?parent=5613"}],"curies":[{"name":"wp","href":"https:\/\/api.w.org\/{rel}","templated":true}]}}