{"id":5615,"date":"2025-11-28T16:58:55","date_gmt":"2025-11-28T21:58:55","guid":{"rendered":"https:\/\/wa-solutions.com\/autorizacao-de-dados\/"},"modified":"2025-12-10T10:18:11","modified_gmt":"2025-12-10T15:18:11","slug":"autorizacao-de-dados","status":"publish","type":"page","link":"https:\/\/wa-solutions.com\/pt-br\/autorizacao-de-dados\/","title":{"rendered":"Autoriza\u00e7\u00e3o de dados"},"content":{"rendered":"\t\t<div data-elementor-type=\"wp-page\" data-elementor-id=\"5615\" class=\"elementor elementor-5615 elementor-5601\" data-elementor-post-type=\"page\">\n\t\t\t\t<div class=\"elementor-element elementor-element-851da10 e-flex e-con-boxed e-con e-parent\" data-id=\"851da10\" data-element_type=\"container\" data-e-type=\"container\">\n\t\t\t\t\t<div class=\"e-con-inner\">\n\t\t\t\t<div class=\"elementor-element elementor-element-45224d7 elementor-widget elementor-widget-heading\" data-id=\"45224d7\" data-element_type=\"widget\" data-e-type=\"widget\" data-widget_type=\"heading.default\">\n\t\t\t\t\t<h2 class=\"elementor-heading-title elementor-size-default\">Autoriza\u00e7\u00e3o de Dados<\/h2>\t\t\t\t<\/div>\n\t\t\t\t\t<\/div>\n\t\t\t\t<\/div>\n\t\t<div class=\"elementor-element elementor-element-326bbe7 e-flex e-con-boxed e-con e-parent\" data-id=\"326bbe7\" data-element_type=\"container\" data-e-type=\"container\">\n\t\t\t\t\t<div class=\"e-con-inner\">\n\t\t\t\t<div class=\"elementor-element elementor-element-3066dc8 elementor-widget elementor-widget-text-editor\" data-id=\"3066dc8\" data-element_type=\"widget\" data-e-type=\"widget\" data-widget_type=\"text-editor.default\">\n\t\t\t\t\t\t\t\t\t<p><span style=\"font-weight: 400;\">O titular dos dados pessoais autoriza a WA SOLUTIONS CONSULTORIA LTDA a processar os meus dados pessoais (nome, endere\u00e7o de e-mail, n\u00famero de telefone) com a finalidade de me contactar relativamente ao meu pedido.<\/span><\/p>\t\t\t\t\t\t\t\t<\/div>\n\t\t\t\t\t<\/div>\n\t\t\t\t<\/div>\n\t\t\t\t<\/div>\n\t\t","protected":false},"excerpt":{"rendered":"<p>Autoriza\u00e7\u00e3o de Dados O titular dos dados pessoais autoriza a WA SOLUTIONS CONSULTORIA LTDA a processar os meus dados pessoais (nome, endere\u00e7o de e-mail, n\u00famero de telefone) com a finalidade de me contactar relativamente ao meu pedido.<\/p>\n","protected":false},"author":1,"featured_media":0,"parent":0,"menu_order":0,"comment_status":"closed","ping_status":"closed","template":"","meta":{"footnotes":""},"class_list":["post-5615","page","type-page","status-publish","hentry"],"yoast_head":"<!-- This site is optimized with the Yoast SEO plugin v27.3 - https:\/\/yoast.com\/product\/yoast-seo-wordpress\/ -->\n<title>Autoriza\u00e7\u00e3o de Dados | WA Solutions<\/title>\n<meta name=\"description\" content=\"Saiba como protegemos e autorizamos o uso de dados pessoais seguindo padr\u00f5es seguros.\" \/>\n<meta name=\"robots\" content=\"index, follow, max-snippet:-1, max-image-preview:large, max-video-preview:-1\" \/>\n<link rel=\"canonical\" href=\"https:\/\/wa-solutions.com\/pt-br\/autorizacao-de-dados\/\" \/>\n<meta property=\"og:locale\" content=\"pt_BR\" \/>\n<meta property=\"og:type\" content=\"article\" \/>\n<meta property=\"og:title\" content=\"Autoriza\u00e7\u00e3o de Dados | WA Solutions\" \/>\n<meta property=\"og:description\" content=\"Saiba como protegemos e autorizamos o uso de dados pessoais seguindo padr\u00f5es seguros.\" \/>\n<meta property=\"og:url\" content=\"https:\/\/wa-solutions.com\/pt-br\/autorizacao-de-dados\/\" \/>\n<meta property=\"og:site_name\" content=\"WA Solutions \u2013 WA Solutions, somos una compa\u00f1\u00eda de soluciones de TI enfocada en la metodolog\u00eda Demand Driven MRP (DDMRP) con \u00e9nfasis en la gesti\u00f3n del flujo en los entornos de operaciones.\" \/>\n<meta property=\"article:publisher\" content=\"https:\/\/www.facebook.com\/WaSolutionsEs\/\" \/>\n<meta property=\"article:modified_time\" content=\"2025-12-10T15:18:11+00:00\" \/>\n<meta name=\"twitter:card\" content=\"summary_large_image\" \/>\n<meta name=\"twitter:label1\" content=\"Est. tempo de leitura\" \/>\n\t<meta name=\"twitter:data1\" content=\"1 minuto\" \/>\n<script type=\"application\/ld+json\" class=\"yoast-schema-graph\">{\"@context\":\"https:\\\/\\\/schema.org\",\"@graph\":[{\"@type\":\"WebPage\",\"@id\":\"https:\\\/\\\/wa-solutions.com\\\/pt-br\\\/autorizacao-de-dados\\\/\",\"url\":\"https:\\\/\\\/wa-solutions.com\\\/pt-br\\\/autorizacao-de-dados\\\/\",\"name\":\"Autoriza\u00e7\u00e3o de Dados | WA Solutions\",\"isPartOf\":{\"@id\":\"https:\\\/\\\/wa-solutions.com\\\/pt-br\\\/#website\"},\"datePublished\":\"2025-11-28T21:58:55+00:00\",\"dateModified\":\"2025-12-10T15:18:11+00:00\",\"description\":\"Saiba como protegemos e autorizamos o uso de dados pessoais seguindo padr\u00f5es seguros.\",\"breadcrumb\":{\"@id\":\"https:\\\/\\\/wa-solutions.com\\\/pt-br\\\/autorizacao-de-dados\\\/#breadcrumb\"},\"inLanguage\":\"pt-BR\",\"potentialAction\":[{\"@type\":\"ReadAction\",\"target\":[\"https:\\\/\\\/wa-solutions.com\\\/pt-br\\\/autorizacao-de-dados\\\/\"]}]},{\"@type\":\"BreadcrumbList\",\"@id\":\"https:\\\/\\\/wa-solutions.com\\\/pt-br\\\/autorizacao-de-dados\\\/#breadcrumb\",\"itemListElement\":[{\"@type\":\"ListItem\",\"position\":1,\"name\":\"Portada\",\"item\":\"https:\\\/\\\/wa-solutions.com\\\/pt-br\\\/\"},{\"@type\":\"ListItem\",\"position\":2,\"name\":\"Autoriza\u00e7\u00e3o de dados\"}]},{\"@type\":\"WebSite\",\"@id\":\"https:\\\/\\\/wa-solutions.com\\\/pt-br\\\/#website\",\"url\":\"https:\\\/\\\/wa-solutions.com\\\/pt-br\\\/\",\"name\":\"WA Solutions \u2013 WA Solutions, somos una compa\u00f1\u00eda de soluciones de TI enfocada en la metodolog\u00eda Demand Driven MRP (DDMRP) con \u00e9nfasis en la gesti\u00f3n del flujo en los entornos de operaciones.\",\"description\":\"Somos una compa\u00f1\u00eda de consultor\u00eda y de desarrollo de soluciones inform\u00e1ticas enfocada en la metodolog\u00eda Demand Driven MRP (DDMRP) con \u00e9nfasis en la gesti\u00f3n del flujo en los entornos de operaciones.\",\"publisher\":{\"@id\":\"https:\\\/\\\/wa-solutions.com\\\/pt-br\\\/#organization\"},\"potentialAction\":[{\"@type\":\"SearchAction\",\"target\":{\"@type\":\"EntryPoint\",\"urlTemplate\":\"https:\\\/\\\/wa-solutions.com\\\/pt-br\\\/?s={search_term_string}\"},\"query-input\":{\"@type\":\"PropertyValueSpecification\",\"valueRequired\":true,\"valueName\":\"search_term_string\"}}],\"inLanguage\":\"pt-BR\"},{\"@type\":\"Organization\",\"@id\":\"https:\\\/\\\/wa-solutions.com\\\/pt-br\\\/#organization\",\"name\":\"WA Solutions \u2013 WA Solutions, somos una compa\u00f1\u00eda de soluciones de TI enfocada en la metodolog\u00eda Demand Driven MRP (DDMRP) con \u00e9nfasis en la gesti\u00f3n del flujo en los entornos de operaciones.\",\"url\":\"https:\\\/\\\/wa-solutions.com\\\/pt-br\\\/\",\"logo\":{\"@type\":\"ImageObject\",\"inLanguage\":\"pt-BR\",\"@id\":\"https:\\\/\\\/wa-solutions.com\\\/pt-br\\\/#\\\/schema\\\/logo\\\/image\\\/\",\"url\":\"https:\\\/\\\/wa-solutions.com\\\/wp-content\\\/uploads\\\/2025\\\/10\\\/LOGO_WA.png\",\"contentUrl\":\"https:\\\/\\\/wa-solutions.com\\\/wp-content\\\/uploads\\\/2025\\\/10\\\/LOGO_WA.png\",\"width\":293,\"height\":42,\"caption\":\"WA Solutions \u2013 WA Solutions, somos una compa\u00f1\u00eda de soluciones de TI enfocada en la metodolog\u00eda Demand Driven MRP (DDMRP) con \u00e9nfasis en la gesti\u00f3n del flujo en los entornos de operaciones.\"},\"image\":{\"@id\":\"https:\\\/\\\/wa-solutions.com\\\/pt-br\\\/#\\\/schema\\\/logo\\\/image\\\/\"},\"sameAs\":[\"https:\\\/\\\/www.facebook.com\\\/WaSolutionsEs\\\/\"]}]}<\/script>\n<!-- \/ Yoast SEO plugin. -->","yoast_head_json":{"title":"Autoriza\u00e7\u00e3o de Dados | WA Solutions","description":"Saiba como protegemos e autorizamos o uso de dados pessoais seguindo padr\u00f5es seguros.","robots":{"index":"index","follow":"follow","max-snippet":"max-snippet:-1","max-image-preview":"max-image-preview:large","max-video-preview":"max-video-preview:-1"},"canonical":"https:\/\/wa-solutions.com\/pt-br\/autorizacao-de-dados\/","og_locale":"pt_BR","og_type":"article","og_title":"Autoriza\u00e7\u00e3o de Dados | WA Solutions","og_description":"Saiba como protegemos e autorizamos o uso de dados pessoais seguindo padr\u00f5es seguros.","og_url":"https:\/\/wa-solutions.com\/pt-br\/autorizacao-de-dados\/","og_site_name":"WA Solutions \u2013 WA Solutions, somos una compa\u00f1\u00eda de soluciones de TI enfocada en la metodolog\u00eda Demand Driven MRP (DDMRP) con \u00e9nfasis en la gesti\u00f3n del flujo en los entornos de operaciones.","article_publisher":"https:\/\/www.facebook.com\/WaSolutionsEs\/","article_modified_time":"2025-12-10T15:18:11+00:00","twitter_card":"summary_large_image","twitter_misc":{"Est. tempo de leitura":"1 minuto"},"schema":{"@context":"https:\/\/schema.org","@graph":[{"@type":"WebPage","@id":"https:\/\/wa-solutions.com\/pt-br\/autorizacao-de-dados\/","url":"https:\/\/wa-solutions.com\/pt-br\/autorizacao-de-dados\/","name":"Autoriza\u00e7\u00e3o de Dados | WA Solutions","isPartOf":{"@id":"https:\/\/wa-solutions.com\/pt-br\/#website"},"datePublished":"2025-11-28T21:58:55+00:00","dateModified":"2025-12-10T15:18:11+00:00","description":"Saiba como protegemos e autorizamos o uso de dados pessoais seguindo padr\u00f5es seguros.","breadcrumb":{"@id":"https:\/\/wa-solutions.com\/pt-br\/autorizacao-de-dados\/#breadcrumb"},"inLanguage":"pt-BR","potentialAction":[{"@type":"ReadAction","target":["https:\/\/wa-solutions.com\/pt-br\/autorizacao-de-dados\/"]}]},{"@type":"BreadcrumbList","@id":"https:\/\/wa-solutions.com\/pt-br\/autorizacao-de-dados\/#breadcrumb","itemListElement":[{"@type":"ListItem","position":1,"name":"Portada","item":"https:\/\/wa-solutions.com\/pt-br\/"},{"@type":"ListItem","position":2,"name":"Autoriza\u00e7\u00e3o de dados"}]},{"@type":"WebSite","@id":"https:\/\/wa-solutions.com\/pt-br\/#website","url":"https:\/\/wa-solutions.com\/pt-br\/","name":"WA Solutions \u2013 WA Solutions, somos una compa\u00f1\u00eda de soluciones de TI enfocada en la metodolog\u00eda Demand Driven MRP (DDMRP) con \u00e9nfasis en la gesti\u00f3n del flujo en los entornos de operaciones.","description":"Somos una compa\u00f1\u00eda de consultor\u00eda y de desarrollo de soluciones inform\u00e1ticas enfocada en la metodolog\u00eda Demand Driven MRP (DDMRP) con \u00e9nfasis en la gesti\u00f3n del flujo en los entornos de operaciones.","publisher":{"@id":"https:\/\/wa-solutions.com\/pt-br\/#organization"},"potentialAction":[{"@type":"SearchAction","target":{"@type":"EntryPoint","urlTemplate":"https:\/\/wa-solutions.com\/pt-br\/?s={search_term_string}"},"query-input":{"@type":"PropertyValueSpecification","valueRequired":true,"valueName":"search_term_string"}}],"inLanguage":"pt-BR"},{"@type":"Organization","@id":"https:\/\/wa-solutions.com\/pt-br\/#organization","name":"WA Solutions \u2013 WA Solutions, somos una compa\u00f1\u00eda de soluciones de TI enfocada en la metodolog\u00eda Demand Driven MRP (DDMRP) con \u00e9nfasis en la gesti\u00f3n del flujo en los entornos de operaciones.","url":"https:\/\/wa-solutions.com\/pt-br\/","logo":{"@type":"ImageObject","inLanguage":"pt-BR","@id":"https:\/\/wa-solutions.com\/pt-br\/#\/schema\/logo\/image\/","url":"https:\/\/wa-solutions.com\/wp-content\/uploads\/2025\/10\/LOGO_WA.png","contentUrl":"https:\/\/wa-solutions.com\/wp-content\/uploads\/2025\/10\/LOGO_WA.png","width":293,"height":42,"caption":"WA Solutions \u2013 WA Solutions, somos una compa\u00f1\u00eda de soluciones de TI enfocada en la metodolog\u00eda Demand Driven MRP (DDMRP) con \u00e9nfasis en la gesti\u00f3n del flujo en los entornos de operaciones."},"image":{"@id":"https:\/\/wa-solutions.com\/pt-br\/#\/schema\/logo\/image\/"},"sameAs":["https:\/\/www.facebook.com\/WaSolutionsEs\/"]}]}},"_links":{"self":[{"href":"https:\/\/wa-solutions.com\/pt-br\/wp-json\/wp\/v2\/pages\/5615","targetHints":{"allow":["GET"]}}],"collection":[{"href":"https:\/\/wa-solutions.com\/pt-br\/wp-json\/wp\/v2\/pages"}],"about":[{"href":"https:\/\/wa-solutions.com\/pt-br\/wp-json\/wp\/v2\/types\/page"}],"author":[{"embeddable":true,"href":"https:\/\/wa-solutions.com\/pt-br\/wp-json\/wp\/v2\/users\/1"}],"replies":[{"embeddable":true,"href":"https:\/\/wa-solutions.com\/pt-br\/wp-json\/wp\/v2\/comments?post=5615"}],"version-history":[{"count":22,"href":"https:\/\/wa-solutions.com\/pt-br\/wp-json\/wp\/v2\/pages\/5615\/revisions"}],"predecessor-version":[{"id":5637,"href":"https:\/\/wa-solutions.com\/pt-br\/wp-json\/wp\/v2\/pages\/5615\/revisions\/5637"}],"wp:attachment":[{"href":"https:\/\/wa-solutions.com\/pt-br\/wp-json\/wp\/v2\/media?parent=5615"}],"curies":[{"name":"wp","href":"https:\/\/api.w.org\/{rel}","templated":true}]}}