{"id":6590,"date":"2026-01-29T13:42:01","date_gmt":"2026-01-29T18:42:01","guid":{"rendered":"https:\/\/wa-solutions.com\/?page_id=6590"},"modified":"2026-01-29T13:55:49","modified_gmt":"2026-01-29T18:55:49","slug":"teste-dimensionamento","status":"publish","type":"page","link":"https:\/\/wa-solutions.com\/pt-br\/teste-dimensionamento\/","title":{"rendered":"Avalia\u00e7\u00e3o DDMRP Dimensionamento"},"content":{"rendered":"\t\t<div data-elementor-type=\"wp-page\" data-elementor-id=\"6590\" class=\"elementor elementor-6590\" data-elementor-post-type=\"page\">\n\t\t\t\t<div class=\"elementor-element elementor-element-0b3dd78 e-con-full e-flex e-con e-parent\" data-id=\"0b3dd78\" data-element_type=\"container\" data-e-type=\"container\">\n\t\t\t\t<div class=\"elementor-element elementor-element-c8aae60 elementor-widget elementor-widget-image\" data-id=\"c8aae60\" data-element_type=\"widget\" data-e-type=\"widget\" data-widget_type=\"image.default\">\n\t\t\t\t\t\t\t\t\t\t\t\t\t\t\t<img fetchpriority=\"high\" decoding=\"async\" width=\"2000\" height=\"890\" src=\"https:\/\/wa-solutions.com\/wp-content\/uploads\/2026\/01\/businessman-taking-business-questionnaire-questionnaire-with-checkboxes-filling-survey-form-online-answer-questions-test-survey-form-concept-1.webp\" class=\"attachment-2048x2048 size-2048x2048 wp-image-6544\" alt=\"\" srcset=\"https:\/\/wa-solutions.com\/wp-content\/uploads\/2026\/01\/businessman-taking-business-questionnaire-questionnaire-with-checkboxes-filling-survey-form-online-answer-questions-test-survey-form-concept-1.webp 2000w, https:\/\/wa-solutions.com\/wp-content\/uploads\/2026\/01\/businessman-taking-business-questionnaire-questionnaire-with-checkboxes-filling-survey-form-online-answer-questions-test-survey-form-concept-1-300x134.webp 300w, https:\/\/wa-solutions.com\/wp-content\/uploads\/2026\/01\/businessman-taking-business-questionnaire-questionnaire-with-checkboxes-filling-survey-form-online-answer-questions-test-survey-form-concept-1-1024x456.webp 1024w, https:\/\/wa-solutions.com\/wp-content\/uploads\/2026\/01\/businessman-taking-business-questionnaire-questionnaire-with-checkboxes-filling-survey-form-online-answer-questions-test-survey-form-concept-1-768x342.webp 768w, https:\/\/wa-solutions.com\/wp-content\/uploads\/2026\/01\/businessman-taking-business-questionnaire-questionnaire-with-checkboxes-filling-survey-form-online-answer-questions-test-survey-form-concept-1-1536x684.webp 1536w\" sizes=\"(max-width: 2000px) 100vw, 2000px\" \/>\t\t\t\t\t\t\t\t\t\t\t\t\t\t\t<\/div>\n\t\t\t\t<div class=\"elementor-element elementor-element-3f6700f elementor-absolute center-title elementor-invisible elementor-widget elementor-widget-heading\" data-id=\"3f6700f\" data-element_type=\"widget\" data-e-type=\"widget\" data-settings=\"{&quot;_position&quot;:&quot;absolute&quot;,&quot;_animation&quot;:&quot;fadeInLeft&quot;}\" data-widget_type=\"heading.default\">\n\t\t\t\t\t<h1 class=\"elementor-heading-title elementor-size-default\">Testes<\/h1>\t\t\t\t<\/div>\n\t\t\t\t<\/div>\n\t\t<div class=\"elementor-element elementor-element-ea5d80f e-flex e-con-boxed e-con e-parent\" data-id=\"ea5d80f\" data-element_type=\"container\" data-e-type=\"container\">\n\t\t\t\t\t<div class=\"e-con-inner\">\n\t\t\t\t<div class=\"elementor-element elementor-element-d5cf76c elementor-widget elementor-widget-html\" data-id=\"d5cf76c\" data-element_type=\"widget\" data-e-type=\"widget\" data-widget_type=\"html.default\">\n\t\t\t\t\t<iframe loading=\"lazy\" src=\"https:\/\/docs.google.com\/forms\/d\/e\/1FAIpQLSdB1zIMcRHadmuCVljK7o4IwhDLQQK-5gyEIFZmSlkuxGA7QQ\/viewform?embedded=true\" width=\"800\" height=\"1150\" frameborder=\"0\" marginheight=\"0\" marginwidth=\"0\">Carregando\u2026<\/iframe>\t\t\t\t<\/div>\n\t\t\t\t\t<\/div>\n\t\t\t\t<\/div>\n\t\t\t\t<\/div>\n\t\t","protected":false},"excerpt":{"rendered":"<p>Testes Carregando\u2026<\/p>\n","protected":false},"author":1,"featured_media":0,"parent":0,"menu_order":0,"comment_status":"closed","ping_status":"closed","template":"","meta":{"footnotes":""},"class_list":["post-6590","page","type-page","status-publish","hentry"],"yoast_head":"<!-- This site is optimized with the Yoast SEO plugin v27.3 - https:\/\/yoast.com\/product\/yoast-seo-wordpress\/ -->\n<title>Avalia\u00e7\u00e3o DDMRP Dimensionamento \u2013 WA Solutions<\/title>\n<meta name=\"description\" content=\"Solu\u00e7\u00f5es que Transformam a Cadeia de Suprimentos. Descubra como otimizamos o gerenciamento de fluxo em ambientes operacionais.\" \/>\n<meta name=\"robots\" content=\"index, follow, max-snippet:-1, max-image-preview:large, max-video-preview:-1\" \/>\n<link rel=\"canonical\" href=\"https:\/\/wa-solutions.com\/pt-br\/teste-dimensionamento\/\" \/>\n<meta property=\"og:locale\" content=\"pt_BR\" \/>\n<meta property=\"og:type\" content=\"article\" \/>\n<meta property=\"og:title\" content=\"Avalia\u00e7\u00e3o DDMRP Dimensionamento \u2013 WA Solutions\" \/>\n<meta property=\"og:description\" content=\"Solu\u00e7\u00f5es que Transformam a Cadeia de Suprimentos. Descubra como otimizamos o gerenciamento de fluxo em ambientes operacionais.\" \/>\n<meta property=\"og:url\" content=\"https:\/\/wa-solutions.com\/pt-br\/teste-dimensionamento\/\" \/>\n<meta property=\"og:site_name\" content=\"WA Solutions \u2013 WA Solutions, somos una compa\u00f1\u00eda de soluciones de TI enfocada en la metodolog\u00eda Demand Driven MRP (DDMRP) con \u00e9nfasis en la gesti\u00f3n del flujo en los entornos de operaciones.\" \/>\n<meta property=\"article:publisher\" content=\"https:\/\/www.facebook.com\/WaSolutionsEs\/\" \/>\n<meta property=\"article:modified_time\" content=\"2026-01-29T18:55:49+00:00\" \/>\n<meta property=\"og:image\" content=\"https:\/\/wa-solutions.com\/wp-content\/uploads\/2026\/01\/businessman-taking-business-questionnaire-questionnaire-with-checkboxes-filling-survey-form-online-answer-questions-test-survey-form-concept-1.webp\" \/>\n<meta name=\"twitter:card\" content=\"summary_large_image\" \/>\n<meta name=\"twitter:label1\" content=\"Est. tempo de leitura\" \/>\n\t<meta name=\"twitter:data1\" content=\"1 minuto\" \/>\n<script type=\"application\/ld+json\" class=\"yoast-schema-graph\">{\"@context\":\"https:\\\/\\\/schema.org\",\"@graph\":[{\"@type\":\"WebPage\",\"@id\":\"https:\\\/\\\/wa-solutions.com\\\/pt-br\\\/teste-dimensionamento\\\/\",\"url\":\"https:\\\/\\\/wa-solutions.com\\\/pt-br\\\/teste-dimensionamento\\\/\",\"name\":\"Avalia\u00e7\u00e3o DDMRP Dimensionamento \u2013 WA Solutions\",\"isPartOf\":{\"@id\":\"https:\\\/\\\/wa-solutions.com\\\/pt-br\\\/#website\"},\"primaryImageOfPage\":{\"@id\":\"https:\\\/\\\/wa-solutions.com\\\/pt-br\\\/teste-dimensionamento\\\/#primaryimage\"},\"image\":{\"@id\":\"https:\\\/\\\/wa-solutions.com\\\/pt-br\\\/teste-dimensionamento\\\/#primaryimage\"},\"thumbnailUrl\":\"https:\\\/\\\/wa-solutions.com\\\/wp-content\\\/uploads\\\/2026\\\/01\\\/businessman-taking-business-questionnaire-questionnaire-with-checkboxes-filling-survey-form-online-answer-questions-test-survey-form-concept-1.webp\",\"datePublished\":\"2026-01-29T18:42:01+00:00\",\"dateModified\":\"2026-01-29T18:55:49+00:00\",\"description\":\"Solu\u00e7\u00f5es que Transformam a Cadeia de Suprimentos. Descubra como otimizamos o gerenciamento de fluxo em ambientes operacionais.\",\"breadcrumb\":{\"@id\":\"https:\\\/\\\/wa-solutions.com\\\/pt-br\\\/teste-dimensionamento\\\/#breadcrumb\"},\"inLanguage\":\"pt-BR\",\"potentialAction\":[{\"@type\":\"ReadAction\",\"target\":[\"https:\\\/\\\/wa-solutions.com\\\/pt-br\\\/teste-dimensionamento\\\/\"]}]},{\"@type\":\"ImageObject\",\"inLanguage\":\"pt-BR\",\"@id\":\"https:\\\/\\\/wa-solutions.com\\\/pt-br\\\/teste-dimensionamento\\\/#primaryimage\",\"url\":\"https:\\\/\\\/wa-solutions.com\\\/wp-content\\\/uploads\\\/2026\\\/01\\\/businessman-taking-business-questionnaire-questionnaire-with-checkboxes-filling-survey-form-online-answer-questions-test-survey-form-concept-1.webp\",\"contentUrl\":\"https:\\\/\\\/wa-solutions.com\\\/wp-content\\\/uploads\\\/2026\\\/01\\\/businessman-taking-business-questionnaire-questionnaire-with-checkboxes-filling-survey-form-online-answer-questions-test-survey-form-concept-1.webp\"},{\"@type\":\"BreadcrumbList\",\"@id\":\"https:\\\/\\\/wa-solutions.com\\\/pt-br\\\/teste-dimensionamento\\\/#breadcrumb\",\"itemListElement\":[{\"@type\":\"ListItem\",\"position\":1,\"name\":\"Portada\",\"item\":\"https:\\\/\\\/wa-solutions.com\\\/pt-br\\\/\"},{\"@type\":\"ListItem\",\"position\":2,\"name\":\"Avalia\u00e7\u00e3o DDMRP Dimensionamento\"}]},{\"@type\":\"WebSite\",\"@id\":\"https:\\\/\\\/wa-solutions.com\\\/pt-br\\\/#website\",\"url\":\"https:\\\/\\\/wa-solutions.com\\\/pt-br\\\/\",\"name\":\"WA Solutions \u2013 WA Solutions, somos una compa\u00f1\u00eda de soluciones de TI enfocada en la metodolog\u00eda Demand Driven MRP (DDMRP) con \u00e9nfasis en la gesti\u00f3n del flujo en los entornos de operaciones.\",\"description\":\"Somos una compa\u00f1\u00eda de consultor\u00eda y de desarrollo de soluciones inform\u00e1ticas enfocada en la metodolog\u00eda Demand Driven MRP (DDMRP) con \u00e9nfasis en la gesti\u00f3n del flujo en los entornos de operaciones.\",\"publisher\":{\"@id\":\"https:\\\/\\\/wa-solutions.com\\\/pt-br\\\/#organization\"},\"potentialAction\":[{\"@type\":\"SearchAction\",\"target\":{\"@type\":\"EntryPoint\",\"urlTemplate\":\"https:\\\/\\\/wa-solutions.com\\\/pt-br\\\/?s={search_term_string}\"},\"query-input\":{\"@type\":\"PropertyValueSpecification\",\"valueRequired\":true,\"valueName\":\"search_term_string\"}}],\"inLanguage\":\"pt-BR\"},{\"@type\":\"Organization\",\"@id\":\"https:\\\/\\\/wa-solutions.com\\\/pt-br\\\/#organization\",\"name\":\"WA Solutions \u2013 WA Solutions, somos una compa\u00f1\u00eda de soluciones de TI enfocada en la metodolog\u00eda Demand Driven MRP (DDMRP) con \u00e9nfasis en la gesti\u00f3n del flujo en los entornos de operaciones.\",\"url\":\"https:\\\/\\\/wa-solutions.com\\\/pt-br\\\/\",\"logo\":{\"@type\":\"ImageObject\",\"inLanguage\":\"pt-BR\",\"@id\":\"https:\\\/\\\/wa-solutions.com\\\/pt-br\\\/#\\\/schema\\\/logo\\\/image\\\/\",\"url\":\"https:\\\/\\\/wa-solutions.com\\\/wp-content\\\/uploads\\\/2025\\\/10\\\/LOGO_WA.png\",\"contentUrl\":\"https:\\\/\\\/wa-solutions.com\\\/wp-content\\\/uploads\\\/2025\\\/10\\\/LOGO_WA.png\",\"width\":293,\"height\":42,\"caption\":\"WA Solutions \u2013 WA Solutions, somos una compa\u00f1\u00eda de soluciones de TI enfocada en la metodolog\u00eda Demand Driven MRP (DDMRP) con \u00e9nfasis en la gesti\u00f3n del flujo en los entornos de operaciones.\"},\"image\":{\"@id\":\"https:\\\/\\\/wa-solutions.com\\\/pt-br\\\/#\\\/schema\\\/logo\\\/image\\\/\"},\"sameAs\":[\"https:\\\/\\\/www.facebook.com\\\/WaSolutionsEs\\\/\"]}]}<\/script>\n<!-- \/ Yoast SEO plugin. -->","yoast_head_json":{"title":"Avalia\u00e7\u00e3o DDMRP Dimensionamento \u2013 WA Solutions","description":"Solu\u00e7\u00f5es que Transformam a Cadeia de Suprimentos. Descubra como otimizamos o gerenciamento de fluxo em ambientes operacionais.","robots":{"index":"index","follow":"follow","max-snippet":"max-snippet:-1","max-image-preview":"max-image-preview:large","max-video-preview":"max-video-preview:-1"},"canonical":"https:\/\/wa-solutions.com\/pt-br\/teste-dimensionamento\/","og_locale":"pt_BR","og_type":"article","og_title":"Avalia\u00e7\u00e3o DDMRP Dimensionamento \u2013 WA Solutions","og_description":"Solu\u00e7\u00f5es que Transformam a Cadeia de Suprimentos. Descubra como otimizamos o gerenciamento de fluxo em ambientes operacionais.","og_url":"https:\/\/wa-solutions.com\/pt-br\/teste-dimensionamento\/","og_site_name":"WA Solutions \u2013 WA Solutions, somos una compa\u00f1\u00eda de soluciones de TI enfocada en la metodolog\u00eda Demand Driven MRP (DDMRP) con \u00e9nfasis en la gesti\u00f3n del flujo en los entornos de operaciones.","article_publisher":"https:\/\/www.facebook.com\/WaSolutionsEs\/","article_modified_time":"2026-01-29T18:55:49+00:00","og_image":[{"url":"https:\/\/wa-solutions.com\/wp-content\/uploads\/2026\/01\/businessman-taking-business-questionnaire-questionnaire-with-checkboxes-filling-survey-form-online-answer-questions-test-survey-form-concept-1.webp","type":"","width":"","height":""}],"twitter_card":"summary_large_image","twitter_misc":{"Est. tempo de leitura":"1 minuto"},"schema":{"@context":"https:\/\/schema.org","@graph":[{"@type":"WebPage","@id":"https:\/\/wa-solutions.com\/pt-br\/teste-dimensionamento\/","url":"https:\/\/wa-solutions.com\/pt-br\/teste-dimensionamento\/","name":"Avalia\u00e7\u00e3o DDMRP Dimensionamento \u2013 WA Solutions","isPartOf":{"@id":"https:\/\/wa-solutions.com\/pt-br\/#website"},"primaryImageOfPage":{"@id":"https:\/\/wa-solutions.com\/pt-br\/teste-dimensionamento\/#primaryimage"},"image":{"@id":"https:\/\/wa-solutions.com\/pt-br\/teste-dimensionamento\/#primaryimage"},"thumbnailUrl":"https:\/\/wa-solutions.com\/wp-content\/uploads\/2026\/01\/businessman-taking-business-questionnaire-questionnaire-with-checkboxes-filling-survey-form-online-answer-questions-test-survey-form-concept-1.webp","datePublished":"2026-01-29T18:42:01+00:00","dateModified":"2026-01-29T18:55:49+00:00","description":"Solu\u00e7\u00f5es que Transformam a Cadeia de Suprimentos. Descubra como otimizamos o gerenciamento de fluxo em ambientes operacionais.","breadcrumb":{"@id":"https:\/\/wa-solutions.com\/pt-br\/teste-dimensionamento\/#breadcrumb"},"inLanguage":"pt-BR","potentialAction":[{"@type":"ReadAction","target":["https:\/\/wa-solutions.com\/pt-br\/teste-dimensionamento\/"]}]},{"@type":"ImageObject","inLanguage":"pt-BR","@id":"https:\/\/wa-solutions.com\/pt-br\/teste-dimensionamento\/#primaryimage","url":"https:\/\/wa-solutions.com\/wp-content\/uploads\/2026\/01\/businessman-taking-business-questionnaire-questionnaire-with-checkboxes-filling-survey-form-online-answer-questions-test-survey-form-concept-1.webp","contentUrl":"https:\/\/wa-solutions.com\/wp-content\/uploads\/2026\/01\/businessman-taking-business-questionnaire-questionnaire-with-checkboxes-filling-survey-form-online-answer-questions-test-survey-form-concept-1.webp"},{"@type":"BreadcrumbList","@id":"https:\/\/wa-solutions.com\/pt-br\/teste-dimensionamento\/#breadcrumb","itemListElement":[{"@type":"ListItem","position":1,"name":"Portada","item":"https:\/\/wa-solutions.com\/pt-br\/"},{"@type":"ListItem","position":2,"name":"Avalia\u00e7\u00e3o DDMRP Dimensionamento"}]},{"@type":"WebSite","@id":"https:\/\/wa-solutions.com\/pt-br\/#website","url":"https:\/\/wa-solutions.com\/pt-br\/","name":"WA Solutions \u2013 WA Solutions, somos una compa\u00f1\u00eda de soluciones de TI enfocada en la metodolog\u00eda Demand Driven MRP (DDMRP) con \u00e9nfasis en la gesti\u00f3n del flujo en los entornos de operaciones.","description":"Somos una compa\u00f1\u00eda de consultor\u00eda y de desarrollo de soluciones inform\u00e1ticas enfocada en la metodolog\u00eda Demand Driven MRP (DDMRP) con \u00e9nfasis en la gesti\u00f3n del flujo en los entornos de operaciones.","publisher":{"@id":"https:\/\/wa-solutions.com\/pt-br\/#organization"},"potentialAction":[{"@type":"SearchAction","target":{"@type":"EntryPoint","urlTemplate":"https:\/\/wa-solutions.com\/pt-br\/?s={search_term_string}"},"query-input":{"@type":"PropertyValueSpecification","valueRequired":true,"valueName":"search_term_string"}}],"inLanguage":"pt-BR"},{"@type":"Organization","@id":"https:\/\/wa-solutions.com\/pt-br\/#organization","name":"WA Solutions \u2013 WA Solutions, somos una compa\u00f1\u00eda de soluciones de TI enfocada en la metodolog\u00eda Demand Driven MRP (DDMRP) con \u00e9nfasis en la gesti\u00f3n del flujo en los entornos de operaciones.","url":"https:\/\/wa-solutions.com\/pt-br\/","logo":{"@type":"ImageObject","inLanguage":"pt-BR","@id":"https:\/\/wa-solutions.com\/pt-br\/#\/schema\/logo\/image\/","url":"https:\/\/wa-solutions.com\/wp-content\/uploads\/2025\/10\/LOGO_WA.png","contentUrl":"https:\/\/wa-solutions.com\/wp-content\/uploads\/2025\/10\/LOGO_WA.png","width":293,"height":42,"caption":"WA Solutions \u2013 WA Solutions, somos una compa\u00f1\u00eda de soluciones de TI enfocada en la metodolog\u00eda Demand Driven MRP (DDMRP) con \u00e9nfasis en la gesti\u00f3n del flujo en los entornos de operaciones."},"image":{"@id":"https:\/\/wa-solutions.com\/pt-br\/#\/schema\/logo\/image\/"},"sameAs":["https:\/\/www.facebook.com\/WaSolutionsEs\/"]}]}},"_links":{"self":[{"href":"https:\/\/wa-solutions.com\/pt-br\/wp-json\/wp\/v2\/pages\/6590","targetHints":{"allow":["GET"]}}],"collection":[{"href":"https:\/\/wa-solutions.com\/pt-br\/wp-json\/wp\/v2\/pages"}],"about":[{"href":"https:\/\/wa-solutions.com\/pt-br\/wp-json\/wp\/v2\/types\/page"}],"author":[{"embeddable":true,"href":"https:\/\/wa-solutions.com\/pt-br\/wp-json\/wp\/v2\/users\/1"}],"replies":[{"embeddable":true,"href":"https:\/\/wa-solutions.com\/pt-br\/wp-json\/wp\/v2\/comments?post=6590"}],"version-history":[{"count":7,"href":"https:\/\/wa-solutions.com\/pt-br\/wp-json\/wp\/v2\/pages\/6590\/revisions"}],"predecessor-version":[{"id":6601,"href":"https:\/\/wa-solutions.com\/pt-br\/wp-json\/wp\/v2\/pages\/6590\/revisions\/6601"}],"wp:attachment":[{"href":"https:\/\/wa-solutions.com\/pt-br\/wp-json\/wp\/v2\/media?parent=6590"}],"curies":[{"name":"wp","href":"https:\/\/api.w.org\/{rel}","templated":true}]}}