{"id":6627,"date":"2026-01-29T14:27:04","date_gmt":"2026-01-29T19:27:04","guid":{"rendered":"https:\/\/wa-solutions.com\/?page_id=6627"},"modified":"2026-03-20T13:31:33","modified_gmt":"2026-03-20T18:31:33","slug":"inscricao-distribution-game","status":"publish","type":"page","link":"https:\/\/wa-solutions.com\/pt-br\/inscricao-distribution-game\/","title":{"rendered":"Inscri\u00e7\u00e3o Distribution Game"},"content":{"rendered":"\t\t<div data-elementor-type=\"wp-page\" data-elementor-id=\"6627\" class=\"elementor elementor-6627\" data-elementor-post-type=\"page\">\n\t\t\t\t<div class=\"elementor-element elementor-element-c7324d4 e-con-full e-flex e-con e-parent\" data-id=\"c7324d4\" data-element_type=\"container\" data-e-type=\"container\">\n\t\t\t\t<div class=\"elementor-element elementor-element-9d5fb79 elementor-widget elementor-widget-image\" data-id=\"9d5fb79\" data-element_type=\"widget\" data-e-type=\"widget\" data-widget_type=\"image.default\">\n\t\t\t\t\t\t\t\t\t\t\t\t\t\t\t<img fetchpriority=\"high\" decoding=\"async\" width=\"2000\" height=\"890\" src=\"https:\/\/wa-solutions.com\/wp-content\/uploads\/2026\/01\/businessman-taking-business-questionnaire-questionnaire-with-checkboxes-filling-survey-form-online-answer-questions-test-survey-form-concept.webp\" class=\"attachment-2048x2048 size-2048x2048 wp-image-6473\" alt=\"\" srcset=\"https:\/\/wa-solutions.com\/wp-content\/uploads\/2026\/01\/businessman-taking-business-questionnaire-questionnaire-with-checkboxes-filling-survey-form-online-answer-questions-test-survey-form-concept.webp 2000w, https:\/\/wa-solutions.com\/wp-content\/uploads\/2026\/01\/businessman-taking-business-questionnaire-questionnaire-with-checkboxes-filling-survey-form-online-answer-questions-test-survey-form-concept-300x134.webp 300w, https:\/\/wa-solutions.com\/wp-content\/uploads\/2026\/01\/businessman-taking-business-questionnaire-questionnaire-with-checkboxes-filling-survey-form-online-answer-questions-test-survey-form-concept-1024x456.webp 1024w, https:\/\/wa-solutions.com\/wp-content\/uploads\/2026\/01\/businessman-taking-business-questionnaire-questionnaire-with-checkboxes-filling-survey-form-online-answer-questions-test-survey-form-concept-768x342.webp 768w, https:\/\/wa-solutions.com\/wp-content\/uploads\/2026\/01\/businessman-taking-business-questionnaire-questionnaire-with-checkboxes-filling-survey-form-online-answer-questions-test-survey-form-concept-1536x684.webp 1536w\" sizes=\"(max-width: 2000px) 100vw, 2000px\" \/>\t\t\t\t\t\t\t\t\t\t\t\t\t\t\t<\/div>\n\t\t\t\t<div class=\"elementor-element elementor-element-006b022 elementor-absolute center-title elementor-invisible elementor-widget elementor-widget-heading\" data-id=\"006b022\" data-element_type=\"widget\" data-e-type=\"widget\" data-settings=\"{&quot;_position&quot;:&quot;absolute&quot;,&quot;_animation&quot;:&quot;fadeInLeft&quot;}\" data-widget_type=\"heading.default\">\n\t\t\t\t\t<h1 class=\"elementor-heading-title elementor-size-default\">Inscri\u00e7\u00e3o Distribution Game<\/h1>\t\t\t\t<\/div>\n\t\t\t\t<\/div>\n\t\t<div class=\"elementor-element elementor-element-4806cf4 e-flex e-con-boxed e-con e-parent\" data-id=\"4806cf4\" data-element_type=\"container\" data-e-type=\"container\">\n\t\t\t\t\t<div class=\"e-con-inner\">\n\t\t\t\t<div class=\"elementor-element elementor-element-552a315 elementor-widget elementor-widget-text-editor\" data-id=\"552a315\" data-element_type=\"widget\" data-e-type=\"widget\" data-widget_type=\"text-editor.default\">\n\t\t\t\t\t\t\t\t\t<p class=\"has-text-align-center\">O Distribution Game \u00e9 um jogo de simula\u00e7\u00e3o de um\u00a0<strong>sistema de distribui\u00e7\u00e3o de dois n\u00edveis<\/strong>. O jogador\u00a0<strong>controla as remessas<\/strong>\u00a0de um fornecedor e de um\u00a0<strong>dep\u00f3sito central<\/strong>. O objetivo \u00e9 gerenciar de maneira econ\u00f4mica o fluxo de materiais\u00a0<strong>para satisfazer as demandas<\/strong>\u00a0aleat\u00f3rias dos clientes em v\u00e1rios\u00a0locais.<\/p>\t\t\t\t\t\t\t\t<\/div>\n\t\t\t\t\t<\/div>\n\t\t\t\t<\/div>\n\t\t<div class=\"elementor-element elementor-element-cc65097 e-flex e-con-boxed e-con e-parent\" data-id=\"cc65097\" data-element_type=\"container\" data-e-type=\"container\">\n\t\t\t\t\t<div class=\"e-con-inner\">\n\t\t\t\t<div class=\"elementor-element elementor-element-ba135c6 elementor-widget elementor-widget-html\" data-id=\"ba135c6\" data-element_type=\"widget\" data-e-type=\"widget\" data-widget_type=\"html.default\">\n\t\t\t\t\t<iframe src=\"https:\/\/docs.google.com\/forms\/d\/e\/1FAIpQLScBaocZ8fw_uHkymbujB6i08f07T5cPOyKT2O2kUGzI_ogx9A\/viewform?embedded=true\" width=\"640\" height=\"1763\" frameborder=\"0\" marginheight=\"0\" marginwidth=\"0\">Carregando\u2026<\/iframe>\t\t\t\t<\/div>\n\t\t\t\t\t<\/div>\n\t\t\t\t<\/div>\n\t\t\t\t<\/div>\n\t\t","protected":false},"excerpt":{"rendered":"<p>Inscri\u00e7\u00e3o Distribution Game O Distribution Game \u00e9 um jogo de simula\u00e7\u00e3o de um\u00a0sistema de distribui\u00e7\u00e3o de dois n\u00edveis. O jogador\u00a0controla as remessas\u00a0de um fornecedor e de um\u00a0dep\u00f3sito central. O objetivo \u00e9 gerenciar de maneira econ\u00f4mica o fluxo de materiais\u00a0para satisfazer as demandas\u00a0aleat\u00f3rias dos clientes em v\u00e1rios\u00a0locais. Carregando\u2026<\/p>\n","protected":false},"author":1,"featured_media":0,"parent":0,"menu_order":0,"comment_status":"closed","ping_status":"closed","template":"","meta":{"rs_blank_template":"","rs_page_bg_color":"","slide_template_v7":"","footnotes":""},"class_list":["post-6627","page","type-page","status-publish","hentry"],"yoast_head":"<!-- This site is optimized with the Yoast SEO plugin v27.5 - https:\/\/yoast.com\/product\/yoast-seo-wordpress\/ -->\n<title>Inscri\u00e7\u00e3o Distribution Game \u2013 WA Solutions<\/title>\n<meta name=\"description\" content=\"Solu\u00e7\u00f5es que Transformam a Cadeia de Suprimentos. Descubra como otimizamos o gerenciamento de fluxo em ambientes operacionais.\" \/>\n<meta name=\"robots\" content=\"index, follow, max-snippet:-1, max-image-preview:large, max-video-preview:-1\" \/>\n<link rel=\"canonical\" href=\"https:\/\/wa-solutions.com\/pt-br\/inscricao-distribution-game\/\" \/>\n<meta property=\"og:locale\" content=\"pt_BR\" \/>\n<meta property=\"og:type\" content=\"article\" \/>\n<meta property=\"og:title\" content=\"Inscri\u00e7\u00e3o Distribution Game \u2013 WA Solutions\" \/>\n<meta property=\"og:description\" content=\"Solu\u00e7\u00f5es que Transformam a Cadeia de Suprimentos. Descubra como otimizamos o gerenciamento de fluxo em ambientes operacionais.\" \/>\n<meta property=\"og:url\" content=\"https:\/\/wa-solutions.com\/pt-br\/inscricao-distribution-game\/\" \/>\n<meta property=\"og:site_name\" content=\"WA Solutions \u2013 WA Solutions, somos una compa\u00f1\u00eda de soluciones de TI enfocada en la metodolog\u00eda Demand Driven MRP (DDMRP) con \u00e9nfasis en la gesti\u00f3n del flujo en los entornos de operaciones.\" \/>\n<meta property=\"article:publisher\" content=\"https:\/\/www.facebook.com\/WaSolutionsEs\/\" \/>\n<meta property=\"article:modified_time\" content=\"2026-03-20T18:31:33+00:00\" \/>\n<meta property=\"og:image\" content=\"https:\/\/wa-solutions.com\/wp-content\/uploads\/2026\/01\/businessman-taking-business-questionnaire-questionnaire-with-checkboxes-filling-survey-form-online-answer-questions-test-survey-form-concept.webp\" \/>\n\t<meta property=\"og:image:width\" content=\"2000\" \/>\n\t<meta property=\"og:image:height\" content=\"890\" \/>\n\t<meta property=\"og:image:type\" content=\"image\/webp\" \/>\n<meta name=\"twitter:card\" content=\"summary_large_image\" \/>\n<meta name=\"twitter:label1\" content=\"Est. tempo de leitura\" \/>\n\t<meta name=\"twitter:data1\" content=\"1 minuto\" \/>\n<script type=\"application\/ld+json\" class=\"yoast-schema-graph\">{\"@context\":\"https:\\\/\\\/schema.org\",\"@graph\":[{\"@type\":\"WebPage\",\"@id\":\"https:\\\/\\\/wa-solutions.com\\\/pt-br\\\/inscricao-distribution-game\\\/\",\"url\":\"https:\\\/\\\/wa-solutions.com\\\/pt-br\\\/inscricao-distribution-game\\\/\",\"name\":\"Inscri\u00e7\u00e3o Distribution Game \u2013 WA Solutions\",\"isPartOf\":{\"@id\":\"https:\\\/\\\/wa-solutions.com\\\/pt-br\\\/#website\"},\"primaryImageOfPage\":{\"@id\":\"https:\\\/\\\/wa-solutions.com\\\/pt-br\\\/inscricao-distribution-game\\\/#primaryimage\"},\"image\":{\"@id\":\"https:\\\/\\\/wa-solutions.com\\\/pt-br\\\/inscricao-distribution-game\\\/#primaryimage\"},\"thumbnailUrl\":\"https:\\\/\\\/wa-solutions.com\\\/wp-content\\\/uploads\\\/2026\\\/01\\\/businessman-taking-business-questionnaire-questionnaire-with-checkboxes-filling-survey-form-online-answer-questions-test-survey-form-concept.webp\",\"datePublished\":\"2026-01-29T19:27:04+00:00\",\"dateModified\":\"2026-03-20T18:31:33+00:00\",\"description\":\"Solu\u00e7\u00f5es que Transformam a Cadeia de Suprimentos. Descubra como otimizamos o gerenciamento de fluxo em ambientes operacionais.\",\"breadcrumb\":{\"@id\":\"https:\\\/\\\/wa-solutions.com\\\/pt-br\\\/inscricao-distribution-game\\\/#breadcrumb\"},\"inLanguage\":\"pt-BR\",\"potentialAction\":[{\"@type\":\"ReadAction\",\"target\":[\"https:\\\/\\\/wa-solutions.com\\\/pt-br\\\/inscricao-distribution-game\\\/\"]}]},{\"@type\":\"ImageObject\",\"inLanguage\":\"pt-BR\",\"@id\":\"https:\\\/\\\/wa-solutions.com\\\/pt-br\\\/inscricao-distribution-game\\\/#primaryimage\",\"url\":\"https:\\\/\\\/wa-solutions.com\\\/wp-content\\\/uploads\\\/2026\\\/01\\\/businessman-taking-business-questionnaire-questionnaire-with-checkboxes-filling-survey-form-online-answer-questions-test-survey-form-concept.webp\",\"contentUrl\":\"https:\\\/\\\/wa-solutions.com\\\/wp-content\\\/uploads\\\/2026\\\/01\\\/businessman-taking-business-questionnaire-questionnaire-with-checkboxes-filling-survey-form-online-answer-questions-test-survey-form-concept.webp\"},{\"@type\":\"BreadcrumbList\",\"@id\":\"https:\\\/\\\/wa-solutions.com\\\/pt-br\\\/inscricao-distribution-game\\\/#breadcrumb\",\"itemListElement\":[{\"@type\":\"ListItem\",\"position\":1,\"name\":\"Portada\",\"item\":\"https:\\\/\\\/wa-solutions.com\\\/pt-br\\\/\"},{\"@type\":\"ListItem\",\"position\":2,\"name\":\"Inscri\u00e7\u00e3o Distribution Game\"}]},{\"@type\":\"WebSite\",\"@id\":\"https:\\\/\\\/wa-solutions.com\\\/pt-br\\\/#website\",\"url\":\"https:\\\/\\\/wa-solutions.com\\\/pt-br\\\/\",\"name\":\"WA Solutions \u2013 WA Solutions, somos una compa\u00f1\u00eda de soluciones de TI enfocada en la metodolog\u00eda Demand Driven MRP (DDMRP) con \u00e9nfasis en la gesti\u00f3n del flujo en los entornos de operaciones.\",\"description\":\"Somos una compa\u00f1\u00eda de consultor\u00eda y de desarrollo de soluciones inform\u00e1ticas enfocada en la metodolog\u00eda Demand Driven MRP (DDMRP) con \u00e9nfasis en la gesti\u00f3n del flujo en los entornos de operaciones.\",\"publisher\":{\"@id\":\"https:\\\/\\\/wa-solutions.com\\\/pt-br\\\/#organization\"},\"potentialAction\":[{\"@type\":\"SearchAction\",\"target\":{\"@type\":\"EntryPoint\",\"urlTemplate\":\"https:\\\/\\\/wa-solutions.com\\\/pt-br\\\/?s={search_term_string}\"},\"query-input\":{\"@type\":\"PropertyValueSpecification\",\"valueRequired\":true,\"valueName\":\"search_term_string\"}}],\"inLanguage\":\"pt-BR\"},{\"@type\":\"Organization\",\"@id\":\"https:\\\/\\\/wa-solutions.com\\\/pt-br\\\/#organization\",\"name\":\"WA Solutions \u2013 WA Solutions, somos una compa\u00f1\u00eda de soluciones de TI enfocada en la metodolog\u00eda Demand Driven MRP (DDMRP) con \u00e9nfasis en la gesti\u00f3n del flujo en los entornos de operaciones.\",\"url\":\"https:\\\/\\\/wa-solutions.com\\\/pt-br\\\/\",\"logo\":{\"@type\":\"ImageObject\",\"inLanguage\":\"pt-BR\",\"@id\":\"https:\\\/\\\/wa-solutions.com\\\/pt-br\\\/#\\\/schema\\\/logo\\\/image\\\/\",\"url\":\"https:\\\/\\\/wa-solutions.com\\\/wp-content\\\/uploads\\\/2025\\\/10\\\/LOGO_WA.png\",\"contentUrl\":\"https:\\\/\\\/wa-solutions.com\\\/wp-content\\\/uploads\\\/2025\\\/10\\\/LOGO_WA.png\",\"width\":293,\"height\":42,\"caption\":\"WA Solutions \u2013 WA Solutions, somos una compa\u00f1\u00eda de soluciones de TI enfocada en la metodolog\u00eda Demand Driven MRP (DDMRP) con \u00e9nfasis en la gesti\u00f3n del flujo en los entornos de operaciones.\"},\"image\":{\"@id\":\"https:\\\/\\\/wa-solutions.com\\\/pt-br\\\/#\\\/schema\\\/logo\\\/image\\\/\"},\"sameAs\":[\"https:\\\/\\\/www.facebook.com\\\/WaSolutionsEs\\\/\"]}]}<\/script>\n<!-- \/ Yoast SEO plugin. -->","yoast_head_json":{"title":"Inscri\u00e7\u00e3o Distribution Game \u2013 WA Solutions","description":"Solu\u00e7\u00f5es que Transformam a Cadeia de Suprimentos. Descubra como otimizamos o gerenciamento de fluxo em ambientes operacionais.","robots":{"index":"index","follow":"follow","max-snippet":"max-snippet:-1","max-image-preview":"max-image-preview:large","max-video-preview":"max-video-preview:-1"},"canonical":"https:\/\/wa-solutions.com\/pt-br\/inscricao-distribution-game\/","og_locale":"pt_BR","og_type":"article","og_title":"Inscri\u00e7\u00e3o Distribution Game \u2013 WA Solutions","og_description":"Solu\u00e7\u00f5es que Transformam a Cadeia de Suprimentos. Descubra como otimizamos o gerenciamento de fluxo em ambientes operacionais.","og_url":"https:\/\/wa-solutions.com\/pt-br\/inscricao-distribution-game\/","og_site_name":"WA Solutions \u2013 WA Solutions, somos una compa\u00f1\u00eda de soluciones de TI enfocada en la metodolog\u00eda Demand Driven MRP (DDMRP) con \u00e9nfasis en la gesti\u00f3n del flujo en los entornos de operaciones.","article_publisher":"https:\/\/www.facebook.com\/WaSolutionsEs\/","article_modified_time":"2026-03-20T18:31:33+00:00","og_image":[{"width":2000,"height":890,"url":"https:\/\/wa-solutions.com\/wp-content\/uploads\/2026\/01\/businessman-taking-business-questionnaire-questionnaire-with-checkboxes-filling-survey-form-online-answer-questions-test-survey-form-concept.webp","type":"image\/webp"}],"twitter_card":"summary_large_image","twitter_misc":{"Est. tempo de leitura":"1 minuto"},"schema":{"@context":"https:\/\/schema.org","@graph":[{"@type":"WebPage","@id":"https:\/\/wa-solutions.com\/pt-br\/inscricao-distribution-game\/","url":"https:\/\/wa-solutions.com\/pt-br\/inscricao-distribution-game\/","name":"Inscri\u00e7\u00e3o Distribution Game \u2013 WA Solutions","isPartOf":{"@id":"https:\/\/wa-solutions.com\/pt-br\/#website"},"primaryImageOfPage":{"@id":"https:\/\/wa-solutions.com\/pt-br\/inscricao-distribution-game\/#primaryimage"},"image":{"@id":"https:\/\/wa-solutions.com\/pt-br\/inscricao-distribution-game\/#primaryimage"},"thumbnailUrl":"https:\/\/wa-solutions.com\/wp-content\/uploads\/2026\/01\/businessman-taking-business-questionnaire-questionnaire-with-checkboxes-filling-survey-form-online-answer-questions-test-survey-form-concept.webp","datePublished":"2026-01-29T19:27:04+00:00","dateModified":"2026-03-20T18:31:33+00:00","description":"Solu\u00e7\u00f5es que Transformam a Cadeia de Suprimentos. Descubra como otimizamos o gerenciamento de fluxo em ambientes operacionais.","breadcrumb":{"@id":"https:\/\/wa-solutions.com\/pt-br\/inscricao-distribution-game\/#breadcrumb"},"inLanguage":"pt-BR","potentialAction":[{"@type":"ReadAction","target":["https:\/\/wa-solutions.com\/pt-br\/inscricao-distribution-game\/"]}]},{"@type":"ImageObject","inLanguage":"pt-BR","@id":"https:\/\/wa-solutions.com\/pt-br\/inscricao-distribution-game\/#primaryimage","url":"https:\/\/wa-solutions.com\/wp-content\/uploads\/2026\/01\/businessman-taking-business-questionnaire-questionnaire-with-checkboxes-filling-survey-form-online-answer-questions-test-survey-form-concept.webp","contentUrl":"https:\/\/wa-solutions.com\/wp-content\/uploads\/2026\/01\/businessman-taking-business-questionnaire-questionnaire-with-checkboxes-filling-survey-form-online-answer-questions-test-survey-form-concept.webp"},{"@type":"BreadcrumbList","@id":"https:\/\/wa-solutions.com\/pt-br\/inscricao-distribution-game\/#breadcrumb","itemListElement":[{"@type":"ListItem","position":1,"name":"Portada","item":"https:\/\/wa-solutions.com\/pt-br\/"},{"@type":"ListItem","position":2,"name":"Inscri\u00e7\u00e3o Distribution Game"}]},{"@type":"WebSite","@id":"https:\/\/wa-solutions.com\/pt-br\/#website","url":"https:\/\/wa-solutions.com\/pt-br\/","name":"WA Solutions \u2013 WA Solutions, somos una compa\u00f1\u00eda de soluciones de TI enfocada en la metodolog\u00eda Demand Driven MRP (DDMRP) con \u00e9nfasis en la gesti\u00f3n del flujo en los entornos de operaciones.","description":"Somos una compa\u00f1\u00eda de consultor\u00eda y de desarrollo de soluciones inform\u00e1ticas enfocada en la metodolog\u00eda Demand Driven MRP (DDMRP) con \u00e9nfasis en la gesti\u00f3n del flujo en los entornos de operaciones.","publisher":{"@id":"https:\/\/wa-solutions.com\/pt-br\/#organization"},"potentialAction":[{"@type":"SearchAction","target":{"@type":"EntryPoint","urlTemplate":"https:\/\/wa-solutions.com\/pt-br\/?s={search_term_string}"},"query-input":{"@type":"PropertyValueSpecification","valueRequired":true,"valueName":"search_term_string"}}],"inLanguage":"pt-BR"},{"@type":"Organization","@id":"https:\/\/wa-solutions.com\/pt-br\/#organization","name":"WA Solutions \u2013 WA Solutions, somos una compa\u00f1\u00eda de soluciones de TI enfocada en la metodolog\u00eda Demand Driven MRP (DDMRP) con \u00e9nfasis en la gesti\u00f3n del flujo en los entornos de operaciones.","url":"https:\/\/wa-solutions.com\/pt-br\/","logo":{"@type":"ImageObject","inLanguage":"pt-BR","@id":"https:\/\/wa-solutions.com\/pt-br\/#\/schema\/logo\/image\/","url":"https:\/\/wa-solutions.com\/wp-content\/uploads\/2025\/10\/LOGO_WA.png","contentUrl":"https:\/\/wa-solutions.com\/wp-content\/uploads\/2025\/10\/LOGO_WA.png","width":293,"height":42,"caption":"WA Solutions \u2013 WA Solutions, somos una compa\u00f1\u00eda de soluciones de TI enfocada en la metodolog\u00eda Demand Driven MRP (DDMRP) con \u00e9nfasis en la gesti\u00f3n del flujo en los entornos de operaciones."},"image":{"@id":"https:\/\/wa-solutions.com\/pt-br\/#\/schema\/logo\/image\/"},"sameAs":["https:\/\/www.facebook.com\/WaSolutionsEs\/"]}]}},"_links":{"self":[{"href":"https:\/\/wa-solutions.com\/pt-br\/wp-json\/wp\/v2\/pages\/6627","targetHints":{"allow":["GET"]}}],"collection":[{"href":"https:\/\/wa-solutions.com\/pt-br\/wp-json\/wp\/v2\/pages"}],"about":[{"href":"https:\/\/wa-solutions.com\/pt-br\/wp-json\/wp\/v2\/types\/page"}],"author":[{"embeddable":true,"href":"https:\/\/wa-solutions.com\/pt-br\/wp-json\/wp\/v2\/users\/1"}],"replies":[{"embeddable":true,"href":"https:\/\/wa-solutions.com\/pt-br\/wp-json\/wp\/v2\/comments?post=6627"}],"version-history":[{"count":13,"href":"https:\/\/wa-solutions.com\/pt-br\/wp-json\/wp\/v2\/pages\/6627\/revisions"}],"predecessor-version":[{"id":6701,"href":"https:\/\/wa-solutions.com\/pt-br\/wp-json\/wp\/v2\/pages\/6627\/revisions\/6701"}],"wp:attachment":[{"href":"https:\/\/wa-solutions.com\/pt-br\/wp-json\/wp\/v2\/media?parent=6627"}],"curies":[{"name":"wp","href":"https:\/\/api.w.org\/{rel}","templated":true}]}}